{"id":101577,"date":"2021-07-07T19:31:45","date_gmt":"2021-07-07T16:31:45","guid":{"rendered":"https:\/\/www.njrebar.com\/careers\/"},"modified":"2025-08-27T12:47:54","modified_gmt":"2025-08-27T09:47:54","slug":"karriar","status":"publish","type":"page","link":"https:\/\/www.njrebar.com\/sv\/karriar\/","title":{"rendered":"Karri\u00e4r"},"content":{"rendered":"<div class=\"wpb-content-wrapper\"><p>[vc_row row_height_percent=&#8221;0&#8243; override_padding=&#8221;yes&#8221; h_padding=&#8221;2&#8243; top_padding=&#8221;7&#8243; bottom_padding=&#8221;7&#8243; back_color=&#8221;color-xsdn&#8221; overlay_alpha=&#8221;50&#8243; gutter_size=&#8221;3&#8243; column_width_percent=&#8221;100&#8243; shift_y=&#8221;0&#8243; z_index=&#8221;0&#8243;][vc_column width=&#8221;1\/1&#8243;][vc_custom_heading heading_semantic=&#8221;h1&#8243; text_size=&#8221;fontsize-338686&#8243; text_weight=&#8221;300&#8243; uncode_shortcode_id=&#8221;972005&#8243;]Mer \u00e4n bara ett jobb.[\/vc_custom_heading][vc_custom_heading text_size=&#8221;h3&#8243; text_weight=&#8221;300&#8243; text_height=&#8221;fontheight-357766&#8243; uncode_shortcode_id=&#8221;122592&#8243;]Genom samarbete och respekt f\u00f6r varandras styrkor n\u00e5r vi framg\u00e5ng. Med p\u00e5litligt teamwork mellan kollegor, kunder och partners kan vi tillsammans uppn\u00e5 fantastiska resultat \u2013 till nytta f\u00f6r alla.[\/vc_custom_heading][vc_custom_heading text_size=&#8221;h3&#8243; text_weight=&#8221;300&#8243; text_height=&#8221;fontheight-357766&#8243; uncode_shortcode_id=&#8221;101829&#8243;]V\u00e5rt m\u00e5l \u00e4r att hj\u00e4lpa v\u00e5ra medarbetare att v\u00e4xa och utvecklas i sin karri\u00e4r. F\u00f6rutom en avslappnad och \u00f6ppen arbetsmilj\u00f6 erbjuder vi m\u00e5nga utvecklingsm\u00f6jligheter inom jobbet och vidare.[\/vc_custom_heading][vc_custom_heading text_size=&#8221;h3&#8243; text_weight=&#8221;300&#8243; text_height=&#8221;fontheight-357766&#8243; uncode_shortcode_id=&#8221;183885&#8243;]V\u00e4lkommen i teamets mittpunkt.[\/vc_custom_heading][\/vc_column][\/vc_row][vc_row][vc_column][vc_column_text]<\/p>\n<p>[\/vc_column_text][\/vc_column][\/vc_row][vc_row unlock_row_content=&#8221;yes&#8221; row_height_percent=&#8221;0&#8243; override_padding=&#8221;yes&#8221; h_padding=&#8221;0&#8243; top_padding=&#8221;0&#8243; bottom_padding=&#8221;3&#8243; overlay_alpha=&#8221;50&#8243; equal_height=&#8221;yes&#8221; gutter_size=&#8221;2&#8243; column_width_percent=&#8221;100&#8243; shift_y=&#8221;0&#8243; z_index=&#8221;0&#8243;][vc_column column_width_percent=&#8221;100&#8243; align_horizontal=&#8221;align_center&#8221; gutter_size=&#8221;3&#8243; overlay_alpha=&#8221;50&#8243; shift_x=&#8221;0&#8243; shift_y=&#8221;0&#8243; shift_y_down=&#8221;0&#8243; z_index=&#8221;0&#8243; medium_width=&#8221;0&#8243; mobile_width=&#8221;0&#8243; width=&#8221;1\/2&#8243;][vc_single_image media=&#8221;77537&#8243; media_width_percent=&#8221;100&#8243; media_ratio=&#8221;sixteen-nine&#8221;][vc_row_inner row_inner_height_percent=&#8221;0&#8243; overlay_alpha=&#8221;50&#8243; gutter_size=&#8221;3&#8243; shift_y=&#8221;0&#8243; z_index=&#8221;0&#8243;][vc_column_inner column_width_percent=&#8221;80&#8243; gutter_size=&#8221;3&#8243; override_padding=&#8221;yes&#8221; column_padding=&#8221;2&#8243; overlay_alpha=&#8221;50&#8243; shift_x=&#8221;0&#8243; shift_y=&#8221;0&#8243; shift_y_down=&#8221;0&#8243; z_index=&#8221;0&#8243; medium_width=&#8221;0&#8243; mobile_width=&#8221;0&#8243; width=&#8221;1\/1&#8243;][vc_custom_heading heading_semantic=&#8221;h1&#8243; text_weight=&#8221;400&#8243; uncode_shortcode_id=&#8221;120887&#8243;]Skicklighet &amp; Stolthet[\/vc_custom_heading][vc_column_text uncode_shortcode_id=&#8221;816218&#8243;]V\u00e5r st\u00f6rsta tillg\u00e5ng \u00e4r v\u00e5rt motiverade och skickliga team. Vi vill s\u00e4kerst\u00e4lla att v\u00e5ra medarbetare har m\u00f6jligheter att utveckla sina f\u00e4rdigheter.<\/p>\n<p>Vi erbjuder vidareutbildning inom armering samt m\u00f6jligheten att v\u00e4xa till ledande positioner.<\/p>\n<p>Vi f\u00f6ljer kontinuerligt arbetsgl\u00e4dje, kvalitet och ger konstruktiv feedback.[\/vc_column_text][vc_empty_space empty_h=&#8221;2&#8243; desktop_visibility=&#8221;yes&#8221; medium_visibility=&#8221;yes&#8221;][\/vc_column_inner][\/vc_row_inner][\/vc_column][vc_column column_width_percent=&#8221;100&#8243; align_horizontal=&#8221;align_center&#8221; gutter_size=&#8221;3&#8243; overlay_alpha=&#8221;50&#8243; shift_x=&#8221;0&#8243; shift_y=&#8221;0&#8243; shift_y_down=&#8221;0&#8243; z_index=&#8221;0&#8243; medium_width=&#8221;0&#8243; mobile_width=&#8221;0&#8243; width=&#8221;1\/2&#8243;][vc_single_image media=&#8221;77547&#8243; media_width_percent=&#8221;100&#8243; media_ratio=&#8221;sixteen-nine&#8221;][vc_row_inner row_inner_height_percent=&#8221;0&#8243; overlay_alpha=&#8221;50&#8243; gutter_size=&#8221;3&#8243; shift_y=&#8221;0&#8243; z_index=&#8221;0&#8243;][vc_column_inner column_width_percent=&#8221;80&#8243; gutter_size=&#8221;3&#8243; override_padding=&#8221;yes&#8221; column_padding=&#8221;2&#8243; overlay_alpha=&#8221;50&#8243; shift_x=&#8221;0&#8243; shift_y=&#8221;0&#8243; shift_y_down=&#8221;0&#8243; z_index=&#8221;0&#8243; medium_width=&#8221;0&#8243; mobile_width=&#8221;0&#8243; width=&#8221;1\/1&#8243;][vc_custom_heading heading_semantic=&#8221;h1&#8243; text_weight=&#8221;400&#8243; uncode_shortcode_id=&#8221;145357&#8243;]S\u00e4kerhet i Fokus[\/vc_custom_heading][vc_column_text uncode_shortcode_id=&#8221;147243&#8243;]P\u00e5 NJ Rebar \u00e4r v\u00e5r inst\u00e4llning till s\u00e4kerhet kompromissl\u00f6s. Vi f\u00f6ljer strikta s\u00e4kerhetsriktlinjer p\u00e5 v\u00e5ra arbetsplatser f\u00f6r att minimera risker. V\u00e5ra medarbetares s\u00e4kerhet \u00e4r alltid v\u00e5r h\u00f6gsta prioritet.<\/p>\n<p>Om en olycka skulle intr\u00e4ffa, klarar vi alltid ut h\u00e4ndelsen personligen med ber\u00f6rd medarbetare och anv\u00e4nder situationen som l\u00e4rdom f\u00f6r hela teamet, f\u00f6r att f\u00f6rhindra liknande h\u00e4ndelser i framtiden.<\/p>\n<p>Olika typer av s\u00e4kerhetsutbildningar, s\u00e5som brand- och arbetss\u00e4kerhetslicenser samt f\u00f6rsta hj\u00e4lpen-utbildning \u00e4r en sj\u00e4lvklar del av v\u00e5rt f\u00f6rebyggande arbete.[\/vc_column_text][\/vc_column_inner][\/vc_row_inner][\/vc_column][\/vc_row][vc_row][vc_column][vc_column_text]<\/p>\n<p>[\/vc_column_text][\/vc_column][\/vc_row][vc_row unlock_row_content=&#8221;yes&#8221; row_height_percent=&#8221;74&#8243; override_padding=&#8221;yes&#8221; h_padding=&#8221;0&#8243; top_padding=&#8221;2&#8243; bottom_padding=&#8221;2&#8243; back_image=&#8221;77581&#8243; overlay_color=&#8221;color-jevc&#8221; overlay_alpha=&#8221;50&#8243; gutter_size=&#8221;3&#8243; column_width_percent=&#8221;100&#8243; shift_y=&#8221;0&#8243; z_index=&#8221;0&#8243; desktop_visibility=&#8221;yes&#8221; medium_visibility=&#8221;yes&#8221; mobile_visibility=&#8221;yes&#8221;][vc_column column_width_percent=&#8221;80&#8243; position_vertical=&#8221;middle&#8221; align_horizontal=&#8221;align_center&#8221; gutter_size=&#8221;3&#8243; style=&#8221;dark&#8221; overlay_alpha=&#8221;50&#8243; shift_x=&#8221;0&#8243; shift_y=&#8221;0&#8243; shift_y_down=&#8221;0&#8243; z_index=&#8221;0&#8243; medium_width=&#8221;0&#8243; mobile_width=&#8221;0&#8243; width=&#8221;1\/1&#8243;][vc_icon icon=&#8221;fa fa-play2&#8243; background_style=&#8221;fa-rounded&#8221; size=&#8221;fa-3x&#8221; icon_automatic=&#8221;yes&#8221; media_lightbox=&#8221;77683&#8243;][\/vc_icon][vc_custom_heading uncode_shortcode_id=&#8221;112133&#8243;]V\u00e5ra polska medarbetare ber\u00e4ttar om sina erfarenheter av att arbeta p\u00e5 NJ Rebar i Finland[\/vc_custom_heading][\/vc_column][\/vc_row][vc_row][vc_column][vc_column_text]<\/p>\n<p>[\/vc_column_text][\/vc_column][\/vc_row][vc_row row_height_percent=&#8221;0&#8243; override_padding=&#8221;yes&#8221; h_padding=&#8221;2&#8243; top_padding=&#8221;3&#8243; bottom_padding=&#8221;3&#8243; back_color=&#8221;color-lxmt&#8221; overlay_alpha=&#8221;0&#8243; gutter_size=&#8221;100&#8243; column_width_percent=&#8221;100&#8243; shift_y=&#8221;0&#8243; z_index=&#8221;0&#8243; style=&#8221;inherited&#8221;][vc_column column_width_percent=&#8221;100&#8243; position_vertical=&#8221;middle&#8221; align_horizontal=&#8221;align_center&#8221; gutter_size=&#8221;3&#8243; overlay_alpha=&#8221;100&#8243; shift_x=&#8221;0&#8243; shift_y=&#8221;0&#8243; shift_y_down=&#8221;0&#8243; z_index=&#8221;0&#8243; medium_width=&#8221;0&#8243; mobile_width=&#8221;0&#8243; zoom_width=&#8221;0&#8243; zoom_height=&#8221;0&#8243; width=&#8221;1\/1&#8243;][vc_custom_heading heading_semantic=&#8221;h1&#8243; text_size=&#8221;fontsize-155944&#8243; text_weight=&#8221;300&#8243; uncode_shortcode_id=&#8221;811997&#8243;]Intresserad av att arbeta hos oss i Sverige? Ans\u00f6k nu![\/vc_custom_heading][vc_column_text text_lead=&#8221;yes&#8221; uncode_shortcode_id=&#8221;354048&#8243;]Skicka en \u00f6ppen ans\u00f6kan och CV via e-post till hr@njrebar.com<br \/>\n\u200b<br \/>\neller kontakta v\u00e5r HR-chef f\u00f6r mer information p\u00e5 telefon +358 40 755 8543 (Vi talar engelska och finska).[\/vc_column_text][\/vc_column][\/vc_row]<\/p>\n<\/div>","protected":false},"excerpt":{"rendered":"<p>[vc_row row_height_percent=&#8221;0&#8243; override_padding=&#8221;yes&#8221; h_padding=&#8221;2&#8243; top_padding=&#8221;7&#8243; bottom_padding=&#8221;7&#8243; back_color=&#8221;color-xsdn&#8221; overlay_alpha=&#8221;50&#8243; gutter_size=&#8221;3&#8243; column_width_percent=&#8221;100&#8243; shift_y=&#8221;0&#8243; z_index=&#8221;0&#8243;][vc_column width=&#8221;1\/1&#8243;][vc_custom_heading heading_semantic=&#8221;h1&#8243; text_size=&#8221;fontsize-338686&#8243; text_weight=&#8221;300&#8243; uncode_shortcode_id=&#8221;972005&#8243;]Mer \u00e4n bara ett [&hellip;]<\/p>\n","protected":false},"author":1,"featured_media":101437,"parent":0,"menu_order":0,"comment_status":"closed","ping_status":"closed","template":"","meta":{"footnotes":""},"class_list":["post-101577","page","type-page","status-publish","has-post-thumbnail","hentry"],"yoast_head":"<!-- This site is optimized with the Yoast SEO plugin v26.2 - https:\/\/yoast.com\/wordpress\/plugins\/seo\/ -->\n<title>Karri\u00e4r - NJ Rebar - Raudoituksen ykk&ouml;nen<\/title>\n<meta name=\"robots\" content=\"index, follow, max-snippet:-1, max-image-preview:large, max-video-preview:-1\" \/>\n<link rel=\"canonical\" href=\"https:\/\/www.njrebar.com\/sv\/karriar\/\" \/>\n<meta property=\"og:locale\" content=\"sv_SE\" \/>\n<meta property=\"og:type\" content=\"article\" \/>\n<meta property=\"og:title\" content=\"Karri\u00e4r - NJ Rebar - Raudoituksen ykk&ouml;nen\" \/>\n<meta property=\"og:description\" content=\"[vc_row row_height_percent=&#8221;0&#8243; override_padding=&#8221;yes&#8221; h_padding=&#8221;2&#8243; top_padding=&#8221;7&#8243; bottom_padding=&#8221;7&#8243; back_color=&#8221;color-xsdn&#8221; overlay_alpha=&#8221;50&#8243; gutter_size=&#8221;3&#8243; column_width_percent=&#8221;100&#8243; shift_y=&#8221;0&#8243; z_index=&#8221;0&#8243;][vc_column width=&#8221;1\/1&#8243;][vc_custom_heading heading_semantic=&#8221;h1&#8243; text_size=&#8221;fontsize-338686&#8243; text_weight=&#8221;300&#8243; uncode_shortcode_id=&#8221;972005&#8243;]Mer \u00e4n bara ett [&hellip;]\" \/>\n<meta property=\"og:url\" content=\"https:\/\/www.njrebar.com\/sv\/karriar\/\" \/>\n<meta property=\"og:site_name\" content=\"NJ Rebar - Raudoituksen ykk&ouml;nen\" \/>\n<meta property=\"article:modified_time\" content=\"2025-08-27T09:47:54+00:00\" \/>\n<meta property=\"og:image\" content=\"https:\/\/www.njrebar.com\/wp-content\/uploads\/2021\/05\/NJ-Rebar3.jpg\" \/>\n\t<meta property=\"og:image:width\" content=\"1800\" \/>\n\t<meta property=\"og:image:height\" content=\"1202\" \/>\n\t<meta property=\"og:image:type\" content=\"image\/jpeg\" \/>\n<meta name=\"twitter:card\" content=\"summary_large_image\" \/>\n<meta name=\"twitter:label1\" content=\"Ber\u00e4knad l\u00e4stid\" \/>\n\t<meta name=\"twitter:data1\" content=\"3 minuter\" \/>\n<script type=\"application\/ld+json\" class=\"yoast-schema-graph\">{\"@context\":\"https:\/\/schema.org\",\"@graph\":[{\"@type\":\"WebPage\",\"@id\":\"https:\/\/www.njrebar.com\/sv\/karriar\/\",\"url\":\"https:\/\/www.njrebar.com\/sv\/karriar\/\",\"name\":\"Karri\u00e4r - NJ Rebar - Raudoituksen ykk&ouml;nen\",\"isPartOf\":{\"@id\":\"https:\/\/www.njrebar.com\/sv\/#website\"},\"primaryImageOfPage\":{\"@id\":\"https:\/\/www.njrebar.com\/sv\/karriar\/#primaryimage\"},\"image\":{\"@id\":\"https:\/\/www.njrebar.com\/sv\/karriar\/#primaryimage\"},\"thumbnailUrl\":\"https:\/\/www.njrebar.com\/wp-content\/uploads\/2021\/05\/NJ-Rebar3.jpg\",\"datePublished\":\"2021-07-07T16:31:45+00:00\",\"dateModified\":\"2025-08-27T09:47:54+00:00\",\"breadcrumb\":{\"@id\":\"https:\/\/www.njrebar.com\/sv\/karriar\/#breadcrumb\"},\"inLanguage\":\"sv-SE\",\"potentialAction\":[{\"@type\":\"ReadAction\",\"target\":[\"https:\/\/www.njrebar.com\/sv\/karriar\/\"]}]},{\"@type\":\"ImageObject\",\"inLanguage\":\"sv-SE\",\"@id\":\"https:\/\/www.njrebar.com\/sv\/karriar\/#primaryimage\",\"url\":\"https:\/\/www.njrebar.com\/wp-content\/uploads\/2021\/05\/NJ-Rebar3.jpg\",\"contentUrl\":\"https:\/\/www.njrebar.com\/wp-content\/uploads\/2021\/05\/NJ-Rebar3.jpg\",\"width\":1800,\"height\":1202},{\"@type\":\"BreadcrumbList\",\"@id\":\"https:\/\/www.njrebar.com\/sv\/karriar\/#breadcrumb\",\"itemListElement\":[{\"@type\":\"ListItem\",\"position\":1,\"name\":\"Etusivu\",\"item\":\"https:\/\/www.njrebar.com\/sv\/\"},{\"@type\":\"ListItem\",\"position\":2,\"name\":\"Karri\u00e4r\"}]},{\"@type\":\"WebSite\",\"@id\":\"https:\/\/www.njrebar.com\/sv\/#website\",\"url\":\"https:\/\/www.njrebar.com\/sv\/\",\"name\":\"NJ Rebar - Raudoituksen ykk&ouml;nen\",\"description\":\"Raudoitusty&ouml;t yhdess&auml; onnistuen\",\"publisher\":{\"@id\":\"https:\/\/www.njrebar.com\/sv\/#organization\"},\"potentialAction\":[{\"@type\":\"SearchAction\",\"target\":{\"@type\":\"EntryPoint\",\"urlTemplate\":\"https:\/\/www.njrebar.com\/sv\/?s={search_term_string}\"},\"query-input\":{\"@type\":\"PropertyValueSpecification\",\"valueRequired\":true,\"valueName\":\"search_term_string\"}}],\"inLanguage\":\"sv-SE\"},{\"@type\":\"Organization\",\"@id\":\"https:\/\/www.njrebar.com\/sv\/#organization\",\"name\":\"NJ Rebar\",\"url\":\"https:\/\/www.njrebar.com\/sv\/\",\"logo\":{\"@type\":\"ImageObject\",\"inLanguage\":\"sv-SE\",\"@id\":\"https:\/\/www.njrebar.com\/sv\/#\/schema\/logo\/image\/\",\"url\":\"https:\/\/www.njrebar.com\/wp-content\/uploads\/2021\/05\/NJ-Rebar-logo-taustalla.jpg\",\"contentUrl\":\"https:\/\/www.njrebar.com\/wp-content\/uploads\/2021\/05\/NJ-Rebar-logo-taustalla.jpg\",\"width\":708,\"height\":781,\"caption\":\"NJ Rebar\"},\"image\":{\"@id\":\"https:\/\/www.njrebar.com\/sv\/#\/schema\/logo\/image\/\"}}]}<\/script>\n<!-- \/ Yoast SEO plugin. -->","yoast_head_json":{"title":"Karri\u00e4r - NJ Rebar - Raudoituksen ykk&ouml;nen","robots":{"index":"index","follow":"follow","max-snippet":"max-snippet:-1","max-image-preview":"max-image-preview:large","max-video-preview":"max-video-preview:-1"},"canonical":"https:\/\/www.njrebar.com\/sv\/karriar\/","og_locale":"sv_SE","og_type":"article","og_title":"Karri\u00e4r - NJ Rebar - Raudoituksen ykk&ouml;nen","og_description":"[vc_row row_height_percent=&#8221;0&#8243; override_padding=&#8221;yes&#8221; h_padding=&#8221;2&#8243; top_padding=&#8221;7&#8243; bottom_padding=&#8221;7&#8243; back_color=&#8221;color-xsdn&#8221; overlay_alpha=&#8221;50&#8243; gutter_size=&#8221;3&#8243; column_width_percent=&#8221;100&#8243; shift_y=&#8221;0&#8243; z_index=&#8221;0&#8243;][vc_column width=&#8221;1\/1&#8243;][vc_custom_heading heading_semantic=&#8221;h1&#8243; text_size=&#8221;fontsize-338686&#8243; text_weight=&#8221;300&#8243; uncode_shortcode_id=&#8221;972005&#8243;]Mer \u00e4n bara ett [&hellip;]","og_url":"https:\/\/www.njrebar.com\/sv\/karriar\/","og_site_name":"NJ Rebar - Raudoituksen ykk&ouml;nen","article_modified_time":"2025-08-27T09:47:54+00:00","og_image":[{"width":1800,"height":1202,"url":"https:\/\/www.njrebar.com\/wp-content\/uploads\/2021\/05\/NJ-Rebar3.jpg","type":"image\/jpeg"}],"twitter_card":"summary_large_image","twitter_misc":{"Ber\u00e4knad l\u00e4stid":"3 minuter"},"schema":{"@context":"https:\/\/schema.org","@graph":[{"@type":"WebPage","@id":"https:\/\/www.njrebar.com\/sv\/karriar\/","url":"https:\/\/www.njrebar.com\/sv\/karriar\/","name":"Karri\u00e4r - NJ Rebar - Raudoituksen ykk&ouml;nen","isPartOf":{"@id":"https:\/\/www.njrebar.com\/sv\/#website"},"primaryImageOfPage":{"@id":"https:\/\/www.njrebar.com\/sv\/karriar\/#primaryimage"},"image":{"@id":"https:\/\/www.njrebar.com\/sv\/karriar\/#primaryimage"},"thumbnailUrl":"https:\/\/www.njrebar.com\/wp-content\/uploads\/2021\/05\/NJ-Rebar3.jpg","datePublished":"2021-07-07T16:31:45+00:00","dateModified":"2025-08-27T09:47:54+00:00","breadcrumb":{"@id":"https:\/\/www.njrebar.com\/sv\/karriar\/#breadcrumb"},"inLanguage":"sv-SE","potentialAction":[{"@type":"ReadAction","target":["https:\/\/www.njrebar.com\/sv\/karriar\/"]}]},{"@type":"ImageObject","inLanguage":"sv-SE","@id":"https:\/\/www.njrebar.com\/sv\/karriar\/#primaryimage","url":"https:\/\/www.njrebar.com\/wp-content\/uploads\/2021\/05\/NJ-Rebar3.jpg","contentUrl":"https:\/\/www.njrebar.com\/wp-content\/uploads\/2021\/05\/NJ-Rebar3.jpg","width":1800,"height":1202},{"@type":"BreadcrumbList","@id":"https:\/\/www.njrebar.com\/sv\/karriar\/#breadcrumb","itemListElement":[{"@type":"ListItem","position":1,"name":"Etusivu","item":"https:\/\/www.njrebar.com\/sv\/"},{"@type":"ListItem","position":2,"name":"Karri\u00e4r"}]},{"@type":"WebSite","@id":"https:\/\/www.njrebar.com\/sv\/#website","url":"https:\/\/www.njrebar.com\/sv\/","name":"NJ Rebar - Raudoituksen ykk&ouml;nen","description":"Raudoitusty&ouml;t yhdess&auml; onnistuen","publisher":{"@id":"https:\/\/www.njrebar.com\/sv\/#organization"},"potentialAction":[{"@type":"SearchAction","target":{"@type":"EntryPoint","urlTemplate":"https:\/\/www.njrebar.com\/sv\/?s={search_term_string}"},"query-input":{"@type":"PropertyValueSpecification","valueRequired":true,"valueName":"search_term_string"}}],"inLanguage":"sv-SE"},{"@type":"Organization","@id":"https:\/\/www.njrebar.com\/sv\/#organization","name":"NJ Rebar","url":"https:\/\/www.njrebar.com\/sv\/","logo":{"@type":"ImageObject","inLanguage":"sv-SE","@id":"https:\/\/www.njrebar.com\/sv\/#\/schema\/logo\/image\/","url":"https:\/\/www.njrebar.com\/wp-content\/uploads\/2021\/05\/NJ-Rebar-logo-taustalla.jpg","contentUrl":"https:\/\/www.njrebar.com\/wp-content\/uploads\/2021\/05\/NJ-Rebar-logo-taustalla.jpg","width":708,"height":781,"caption":"NJ Rebar"},"image":{"@id":"https:\/\/www.njrebar.com\/sv\/#\/schema\/logo\/image\/"}}]}},"_links":{"self":[{"href":"https:\/\/www.njrebar.com\/sv\/wp-json\/wp\/v2\/pages\/101577","targetHints":{"allow":["GET"]}}],"collection":[{"href":"https:\/\/www.njrebar.com\/sv\/wp-json\/wp\/v2\/pages"}],"about":[{"href":"https:\/\/www.njrebar.com\/sv\/wp-json\/wp\/v2\/types\/page"}],"author":[{"embeddable":true,"href":"https:\/\/www.njrebar.com\/sv\/wp-json\/wp\/v2\/users\/1"}],"replies":[{"embeddable":true,"href":"https:\/\/www.njrebar.com\/sv\/wp-json\/wp\/v2\/comments?post=101577"}],"version-history":[{"count":3,"href":"https:\/\/www.njrebar.com\/sv\/wp-json\/wp\/v2\/pages\/101577\/revisions"}],"predecessor-version":[{"id":101580,"href":"https:\/\/www.njrebar.com\/sv\/wp-json\/wp\/v2\/pages\/101577\/revisions\/101580"}],"wp:featuredmedia":[{"embeddable":true,"href":"https:\/\/www.njrebar.com\/sv\/wp-json\/wp\/v2\/media\/101437"}],"wp:attachment":[{"href":"https:\/\/www.njrebar.com\/sv\/wp-json\/wp\/v2\/media?parent=101577"}],"curies":[{"name":"wp","href":"https:\/\/api.w.org\/{rel}","templated":true}]}}