{"id":101448,"date":"2021-05-04T08:12:55","date_gmt":"2021-05-04T08:12:55","guid":{"rendered":"https:\/\/www.njrebar.com\/etusivu\/"},"modified":"2025-08-27T12:40:07","modified_gmt":"2025-08-27T09:40:07","slug":"etusivu","status":"publish","type":"page","link":"https:\/\/www.njrebar.com\/sv\/","title":{"rendered":"Framsida"},"content":{"rendered":"<div class=\"wpb-content-wrapper\"><p>[vc_row unlock_row_content=&#8221;yes&#8221; row_height_percent=&#8221;85&#8243; override_padding=&#8221;yes&#8221; h_padding=&#8221;0&#8243; top_padding=&#8221;0&#8243; bottom_padding=&#8221;0&#8243; back_color=&#8221;color-xsdn&#8221; overlay_alpha=&#8221;50&#8243; gutter_size=&#8221;3&#8243; column_width_percent=&#8221;100&#8243; shift_y=&#8221;0&#8243; z_index=&#8221;0&#8243; bottom_divider=&#8221;gradient&#8221;][vc_column column_width_percent=&#8221;100&#8243; align_horizontal=&#8221;align_center&#8221; gutter_size=&#8221;3&#8243; style=&#8221;dark&#8221; overlay_alpha=&#8221;50&#8243; shift_x=&#8221;0&#8243; shift_y=&#8221;0&#8243; shift_y_down=&#8221;0&#8243; z_index=&#8221;0&#8243; medium_width=&#8221;0&#8243; mobile_width=&#8221;0&#8243; width=&#8221;1\/1&#8243; uncode_shortcode_id=&#8221;211619&#8243;][uncode_index el_id=&#8221;index-1&#8243; index_type=&#8221;carousel&#8221; loop=&#8221;size:3|order_by:date|post_type:post|taxonomy_count:10&#8243; index_back_color=&#8221;color-xsdn&#8221; carousel_lg=&#8221;1&#8243; carousel_md=&#8221;1&#8243; carousel_sm=&#8221;1&#8243; thumb_size=&#8221;fluid&#8221; carousel_height_viewport=&#8221;85&#8243; gutter_size=&#8221;0&#8243; post_items=&#8221;media|featured|onpost|original,title|-,spacer|half,text|excerpt,spacer_two|one,link|default|default_size|scale_mobile|default_width|default_outline|L\u00e4s mer&#8221; carousel_interval=&#8221;5000&#8243; carousel_navspeed=&#8221;700&#8243; carousel_loop=&#8221;yes&#8221; carousel_nav=&#8221;yes&#8221; carousel_dots=&#8221;yes&#8221; carousel_dots_space=&#8221;yes&#8221; carousel_dots_mobile=&#8221;yes&#8221; carousel_dots_inside=&#8221;yes&#8221; carousel_dot_padding=&#8221;2&#8243; stage_padding=&#8221;0&#8243; single_text=&#8221;overlay&#8221; single_overlay_color=&#8221;color-nhtu&#8221; single_overlay_opacity=&#8221;40&#8243; single_overlay_visible=&#8221;yes&#8221; single_overlay_anim=&#8221;no&#8221; single_text_visible=&#8221;yes&#8221; single_text_anim=&#8221;no&#8221; single_image_anim=&#8221;no&#8221; single_h_align=&#8221;center&#8221; single_reduced=&#8221;limit-width&#8221; single_padding=&#8221;3&#8243; single_elements_click=&#8221;yes&#8221; single_title_dimension=&#8221;fontsize-155944&#8243; single_text_lead=&#8221;yes&#8221; single_border=&#8221;yes&#8221; uncode_shortcode_id=&#8221;187944&#8243; index_back_color_type=&#8221;uncode-palette&#8221;][\/vc_column][\/vc_row][vc_row unlock_row_content=&#8221;yes&#8221; row_height_percent=&#8221;0&#8243; override_padding=&#8221;yes&#8221; h_padding=&#8221;0&#8243; top_padding=&#8221;0&#8243; bottom_padding=&#8221;0&#8243; overlay_alpha=&#8221;50&#8243; equal_height=&#8221;yes&#8221; gutter_size=&#8221;0&#8243; column_width_percent=&#8221;100&#8243; shift_y=&#8221;0&#8243; z_index=&#8221;0&#8243; uncode_shortcode_id=&#8221;196973&#8243;][vc_column column_width_use_pixel=&#8221;yes&#8221; gutter_size=&#8221;3&#8243; override_padding=&#8221;yes&#8221; column_padding=&#8221;5&#8243; overlay_alpha=&#8221;50&#8243; shift_x=&#8221;0&#8243; shift_y=&#8221;0&#8243; shift_y_down=&#8221;0&#8243; z_index=&#8221;0&#8243; medium_width=&#8221;0&#8243; mobile_width=&#8221;0&#8243; width=&#8221;1\/2&#8243; column_width_pixel=&#8221;528&#8243; uncode_shortcode_id=&#8221;695642&#8243;][vc_custom_heading heading_semantic=&#8221;h1&#8243; text_size=&#8221;fontsize-155944&#8243; text_height=&#8221;fontheight-179065&#8243; uncode_shortcode_id=&#8221;241653&#8243;]Armeringens nummer ett[\/vc_custom_heading][vc_column_text text_lead=&#8221;yes&#8221; uncode_shortcode_id=&#8221;142819&#8243;]NJ Rebar \u00e4r ett av Finlands ledande expertf\u00f6retag inom armering. Vi arbetar i byggandets k\u00e4rna, d\u00e4r grunden f\u00f6r en h\u00e5llbar framtid skapas. F\u00f6r oss \u00e4r armering en hj\u00e4rtefr\u00e5ga \u2013 v\u00e5rt uppdrag \u00e4r att st\u00e4ndigt m\u00f6ta v\u00e5ra kunders behov p\u00e5 ett allt b\u00e4ttre och mer effektivt s\u00e4tt. Sedan 2025 erbjuder NJ Rebar Ab \u00e4ven sina tj\u00e4nster i hela Sverige.[\/vc_column_text][vc_empty_space empty_h=&#8221;1&#8243;][\/vc_column][vc_column column_width_percent=&#8221;100&#8243; gutter_size=&#8221;3&#8243; back_image=&#8221;77581&#8243; overlay_alpha=&#8221;50&#8243; shift_x=&#8221;0&#8243; shift_y=&#8221;0&#8243; shift_y_down=&#8221;0&#8243; z_index=&#8221;0&#8243; medium_width=&#8221;0&#8243; mobile_width=&#8221;0&#8243; width=&#8221;1\/2&#8243; uncode_shortcode_id=&#8221;157165&#8243; mobile_height=&#8221;340&#8243;][\/vc_column][\/vc_row][vc_row unlock_row_content=&#8221;yes&#8221; row_height_percent=&#8221;0&#8243; override_padding=&#8221;yes&#8221; h_padding=&#8221;0&#8243; top_padding=&#8221;0&#8243; bottom_padding=&#8221;0&#8243; back_color=&#8221;color-lxmt&#8221; overlay_alpha=&#8221;50&#8243; equal_height=&#8221;yes&#8221; gutter_size=&#8221;0&#8243; column_width_percent=&#8221;100&#8243; shift_y=&#8221;0&#8243; z_index=&#8221;0&#8243; inverted_device_order=&#8221;yes&#8221; auto_height_device=&#8221;yes&#8221;][vc_column column_width_percent=&#8221;100&#8243; gutter_size=&#8221;3&#8243; back_image=&#8221;77547&#8243; overlay_alpha=&#8221;50&#8243; shift_x=&#8221;0&#8243; shift_y=&#8221;0&#8243; shift_y_down=&#8221;0&#8243; z_index=&#8221;0&#8243; medium_visibility=&#8221;yes&#8221; medium_width=&#8221;0&#8243; mobile_visibility=&#8221;yes&#8221; mobile_width=&#8221;0&#8243; width=&#8221;1\/2&#8243; mobile_height=&#8221;340&#8243; uncode_shortcode_id=&#8221;191460&#8243;][\/vc_column][vc_column column_width_use_pixel=&#8221;yes&#8221; gutter_size=&#8221;3&#8243; override_padding=&#8221;yes&#8221; column_padding=&#8221;4&#8243; style=&#8221;light&#8221; overlay_alpha=&#8221;50&#8243; shift_x=&#8221;0&#8243; shift_y=&#8221;0&#8243; shift_y_down=&#8221;0&#8243; z_index=&#8221;0&#8243; medium_width=&#8221;0&#8243; align_mobile=&#8221;align_left_mobile&#8221; mobile_width=&#8221;0&#8243; width=&#8221;1\/2&#8243; column_width_pixel=&#8221;528&#8243; uncode_shortcode_id=&#8221;106730&#8243;][vc_custom_heading text_size=&#8221;fontsize-155944&#8243; text_height=&#8221;fontheight-179065&#8243; uncode_shortcode_id=&#8221;557928&#8243;]Plats f\u00f6r skickliga arbetare[\/vc_custom_heading][vc_column_text]Vi s\u00f6ker st\u00e4ndigt erfarna armerare och f\u00f6rm\u00e4n med r\u00e4tt inst\u00e4llning. F\u00f6rutom en avslappnad och \u00f6ppen arbetsmilj\u00f6 erbjuder vi ocks\u00e5 gott om m\u00f6jligheter till utveckling b\u00e5de i och utanf\u00f6r arbetet.<\/p>\n<p>Du kan ans\u00f6ka direkt hos oss eller via v\u00e5ra rekryteringstillf\u00e4llen.[\/vc_column_text][vc_empty_space empty_h=&#8221;1&#8243;][vc_button button_color=&#8221;color-jevc&#8221; border_width=&#8221;0&#8243; link=&#8221;url:https%3A%2F%2Fwww.njrebar.com%2Ftoihin-meille%2F|title:T%C3%B6ihin%20meille&#8221; button_color_type=&#8221;uncode-palette&#8221; uncode_shortcode_id=&#8221;141150&#8243;]L\u00e4s mer[\/vc_button][\/vc_column][\/vc_row][vc_row row_height_percent=&#8221;50&#8243; override_padding=&#8221;yes&#8221; h_padding=&#8221;2&#8243; top_padding=&#8221;5&#8243; bottom_padding=&#8221;5&#8243; back_color=&#8221;color-jevc&#8221; back_image=&#8221;77860&#8243; overlay_color=&#8221;color-jevc&#8221; overlay_alpha=&#8221;60&#8243; gutter_size=&#8221;3&#8243; column_width_percent=&#8221;100&#8243; shift_y=&#8221;0&#8243; z_index=&#8221;0&#8243; uncode_shortcode_id=&#8221;611073&#8243; back_color_type=&#8221;uncode-palette&#8221; overlay_color_type=&#8221;uncode-palette&#8221;][vc_column column_width_use_pixel=&#8221;yes&#8221; position_vertical=&#8221;middle&#8221; align_horizontal=&#8221;align_center&#8221; gutter_size=&#8221;3&#8243; style=&#8221;dark&#8221; overlay_alpha=&#8221;50&#8243; shift_x=&#8221;0&#8243; shift_y=&#8221;0&#8243; shift_y_down=&#8221;0&#8243; z_index=&#8221;0&#8243; medium_width=&#8221;0&#8243; mobile_width=&#8221;0&#8243; width=&#8221;1\/1&#8243; column_width_pixel=&#8221;900&#8243;][vc_custom_heading text_color=&#8221;color-xsdn&#8221; heading_semantic=&#8221;h6&#8243; text_size=&#8221;fontsize-160000&#8243; text_transform=&#8221;uppercase&#8221; text_space=&#8221;fontspace-135905&#8243; uncode_shortcode_id=&#8221;248293&#8243; text_color_type=&#8221;uncode-palette&#8221;]NJ Rebar Sp\u00e4nnkabelentreprenad[\/vc_custom_heading][vc_custom_heading heading_semantic=&#8221;h3&#8243; text_size=&#8221;fontsize-155944&#8243; uncode_shortcode_id=&#8221;643575&#8243;]Kr\u00e4vande armerings- och sp\u00e4nnkabelarbeten fr\u00e5n planering till genomf\u00f6rande.[\/vc_custom_heading][vc_button text_skin=&#8221;yes&#8221; border_width=&#8221;0&#8243; link=&#8221;url:https%3A%2F%2Fwww.njrebar.com%2Fpalvelut%2Fjannepunos%2F|title:J%C3%A4nnepunos&#8221; uncode_shortcode_id=&#8221;231850&#8243;]L\u00e4s mer om tj\u00e4nsten[\/vc_button][\/vc_column][\/vc_row][vc_row row_height_percent=&#8221;0&#8243; override_padding=&#8221;yes&#8221; h_padding=&#8221;2&#8243; top_padding=&#8221;6&#8243; bottom_padding=&#8221;5&#8243; overlay_alpha=&#8221;0&#8243; gutter_size=&#8221;100&#8243; column_width_percent=&#8221;100&#8243; shift_y=&#8221;0&#8243; z_index=&#8221;0&#8243; auto_height_device=&#8221;yes&#8221; style=&#8221;inherited&#8221;][vc_column column_width_percent=&#8221;100&#8243; align_horizontal=&#8221;align_center&#8221; gutter_size=&#8221;4&#8243; overlay_alpha=&#8221;100&#8243; shift_x=&#8221;0&#8243; shift_y=&#8221;0&#8243; shift_y_down=&#8221;0&#8243; z_index=&#8221;0&#8243; medium_width=&#8221;0&#8243; mobile_width=&#8221;0&#8243; zoom_width=&#8221;0&#8243; zoom_height=&#8221;0&#8243; width=&#8221;1\/1&#8243;][vc_custom_heading text_size=&#8221;fontsize-155944&#8243; uncode_shortcode_id=&#8221;169362&#8243;]NJ Rebars v\u00e4rdegrund[\/vc_custom_heading][vc_row_inner row_inner_height_percent=&#8221;0&#8243; overlay_alpha=&#8221;100&#8243; gutter_size=&#8221;4&#8243; shift_y=&#8221;0&#8243; limit_content=&#8221;&#8221;][vc_column_inner column_width_percent=&#8221;100&#8243; align_horizontal=&#8221;align_center&#8221; gutter_size=&#8221;3&#8243; overlay_alpha=&#8221;100&#8243; shift_x=&#8221;0&#8243; shift_y=&#8221;0&#8243; shift_y_down=&#8221;0&#8243; z_index=&#8221;0&#8243; medium_width=&#8221;3&#8243; mobile_width=&#8221;0&#8243; zoom_width=&#8221;0&#8243; zoom_height=&#8221;0&#8243; width=&#8221;1\/4&#8243; uncode_shortcode_id=&#8221;136422&#8243;][vc_icon icon=&#8221;fa fa-heart5&#8243; icon_color=&#8221;color-jevc&#8221; size=&#8221;fa-3x&#8221; text_size=&#8221;h4&#8243; align=&#8221;left&#8221; title=&#8221;Med yrkesskicklighet&#8221; uncode_shortcode_id=&#8221;390185&#8243; icon_color_type=&#8221;uncode-palette&#8221;]Vi utf\u00f6r v\u00e5rt arbete med gedigen yrkesskicklighet och kompromissl\u00f6s inst\u00e4llning. Varje medarbetare tar ansvar f\u00f6r slutresultatet.[\/vc_icon][\/vc_column_inner][vc_column_inner column_width_percent=&#8221;100&#8243; align_horizontal=&#8221;align_center&#8221; gutter_size=&#8221;3&#8243; overlay_alpha=&#8221;100&#8243; shift_x=&#8221;0&#8243; shift_y=&#8221;0&#8243; shift_y_down=&#8221;0&#8243; z_index=&#8221;0&#8243; medium_width=&#8221;3&#8243; mobile_width=&#8221;0&#8243; zoom_width=&#8221;0&#8243; zoom_height=&#8221;0&#8243; width=&#8221;1\/4&#8243; uncode_shortcode_id=&#8221;147324&#8243;][vc_icon icon=&#8221;fa fa-thumbs-up3&#8243; icon_color=&#8221;color-jevc&#8221; size=&#8221;fa-3x&#8221; text_size=&#8221;h4&#8243; align=&#8221;left&#8221; title=&#8221;Effektivt&#8221; uncode_shortcode_id=&#8221;374929&#8243; icon_color_type=&#8221;uncode-palette&#8221;]Genom kunnigt agerande s\u00e4kerst\u00e4ller vi att v\u00e5ra kunders projekt alltid h\u00e5ller tidplanen. Effektivt arbete \u00e4r grunden f\u00f6r stabilitet och v\u00e4lm\u00e5ende \u2013 b\u00e5de f\u00f6r v\u00e5ra medarbetare och f\u00f6r v\u00e5ra kunder.[\/vc_icon][\/vc_column_inner][vc_column_inner column_width_percent=&#8221;100&#8243; align_horizontal=&#8221;align_center&#8221; gutter_size=&#8221;3&#8243; overlay_alpha=&#8221;100&#8243; shift_x=&#8221;0&#8243; shift_y=&#8221;0&#8243; shift_y_down=&#8221;0&#8243; z_index=&#8221;0&#8243; medium_width=&#8221;3&#8243; mobile_width=&#8221;0&#8243; zoom_width=&#8221;0&#8243; zoom_height=&#8221;0&#8243; width=&#8221;1\/4&#8243; uncode_shortcode_id=&#8221;311950&#8243;][vc_icon icon=&#8221;fa fa-calendar-full&#8221; icon_color=&#8221;color-jevc&#8221; size=&#8221;fa-3x&#8221; text_size=&#8221;h4&#8243; align=&#8221;left&#8221; title=&#8221;Flexibelt&#8221; uncode_shortcode_id=&#8221;197162&#8243; icon_color_type=&#8221;uncode-palette&#8221;]Tack vare v\u00e5r l\u00e5nga erfarenhet f\u00f6rst\u00e5r vi branschens naturliga utmaningar. Den f\u00f6rst\u00e5elsen g\u00f6r det m\u00f6jligt f\u00f6r oss att snabbt och flexibelt anpassa oss b\u00e5de till f\u00f6r\u00e4ndringar i omv\u00e4rlden och till v\u00e5ra kunders behov.[\/vc_icon][\/vc_column_inner][vc_column_inner column_width_percent=&#8221;100&#8243; align_horizontal=&#8221;align_center&#8221; gutter_size=&#8221;3&#8243; overlay_alpha=&#8221;50&#8243; shift_x=&#8221;0&#8243; shift_y=&#8221;0&#8243; shift_y_down=&#8221;0&#8243; z_index=&#8221;0&#8243; medium_width=&#8221;0&#8243; mobile_width=&#8221;0&#8243; width=&#8221;1\/4&#8243; uncode_shortcode_id=&#8221;472829&#8243;][vc_icon icon=&#8221;fa fa-calendar-full&#8221; icon_color=&#8221;color-jevc&#8221; size=&#8221;fa-3x&#8221; text_size=&#8221;h4&#8243; align=&#8221;left&#8221; title=&#8221;Framg\u00e5ng tillsammans&#8221; uncode_shortcode_id=&#8221;447992&#8243; icon_color_type=&#8221;uncode-palette&#8221;]Genom samarbete, d\u00e4r vi v\u00e4rdes\u00e4tter varandras styrkor, lyckas vi. Med p\u00e5litligt lagarbete \u2013 tillsammans med kollegor, kunder och samarbetspartners \u2013 uppn\u00e5r vi fantastiska resultat f\u00f6r oss alla.[\/vc_icon][\/vc_column_inner][\/vc_row_inner][\/vc_column][\/vc_row][vc_row unlock_row_content=&#8221;yes&#8221; row_height_percent=&#8221;75&#8243; override_padding=&#8221;yes&#8221; h_padding=&#8221;0&#8243; top_padding=&#8221;0&#8243; bottom_padding=&#8221;0&#8243; back_color=&#8221;color-xsdn&#8221; overlay_alpha=&#8221;50&#8243; equal_height=&#8221;yes&#8221; gutter_size=&#8221;0&#8243; column_width_percent=&#8221;100&#8243; shift_y=&#8221;0&#8243; z_index=&#8221;3&#8243; uncode_shortcode_id=&#8221;461116&#8243; back_color_type=&#8221;uncode-palette&#8221;][vc_column column_width_percent=&#8221;100&#8243; align_horizontal=&#8221;align_center&#8221; gutter_size=&#8221;3&#8243; style=&#8221;light&#8221; overlay_alpha=&#8221;50&#8243; shift_x=&#8221;0&#8243; shift_y=&#8221;0&#8243; shift_y_down=&#8221;0&#8243; z_index=&#8221;0&#8243; medium_width=&#8221;0&#8243; mobile_width=&#8221;0&#8243; width=&#8221;1\/1&#8243;][vc_custom_heading text_size=&#8221;fontsize-155944&#8243; uncode_shortcode_id=&#8221;267199&#8243;]Aktuellt[\/vc_custom_heading][uncode_index el_id=&#8221;index-1&#8243; isotope_mode=&#8221;fitRows&#8221; loop=&#8221;size:3|order_by:date|post_type:post|taxonomy_count:10&#8243; style_preset=&#8221;metro&#8221; single_height_viewport=&#8221;yes&#8221; screen_lg=&#8221;960&#8243; screen_md=&#8221;480&#8243; screen_sm=&#8221;480&#8243; gutter_size=&#8221;0&#8243; post_items=&#8221;media|featured|onpost|poster,date,title,spacer|half&#8221; single_text=&#8221;overlay&#8221; single_width=&#8221;3&#8243; single_fluid_height=&#8221;75&#8243; single_overlay_color=&#8221;color-nhtu&#8221; single_overlay_opacity=&#8221;30&#8243; single_overlay_visible=&#8221;yes&#8221; single_text_visible=&#8221;yes&#8221; single_text_anim_type=&#8221;btt&#8221; single_v_position=&#8221;bottom&#8221; single_reduced=&#8221;three_quarter&#8221; single_reduced_mobile=&#8221;yes&#8221; single_padding=&#8221;3&#8243; single_title_family=&#8221;font-145512&#8243; single_title_dimension=&#8221;h3&#8243; single_border=&#8221;yes&#8221; post_matrix=&#8221;matrix&#8221; matrix_amount=&#8221;3&#8243; no_double_tap=&#8221;yes&#8221; matrix_items=&#8221;eyIwX2kiOnsic2luZ2xlX3dpZHRoIjoiNiIsInNpbmdsZV90aXRsZV9kaW1lbnNpb24iOiJoMyIsInNpbmdsZV90aXRsZV9yZWR1Y2VkIjoidGhyZWVfcXVhcnRlciIsInNpbmdsZV90aXRsZV93ZWlnaHQiOiIiLCJzaW5nbGVfdGl0bGVfc3BhY2UiOiIiLCJzaW5nbGVfb3ZlcmxheV9vcGFjaXR5IjoiNTAifSwiMV9pIjp7InNpbmdsZV90aXRsZV9kaW1lbnNpb24iOiJoNCJ9LCIyX2kiOnsic2luZ2xlX3RpdGxlX2RpbWVuc2lvbiI6Img0In19&#8243; uncode_shortcode_id=&#8221;133859&#8243;][vc_button button_color=&#8221;color-jevc&#8221; border_width=&#8221;0&#8243; link=&#8221;url:https%3A%2F%2Fwww.njrebar.com%2Fsv%2Faktuellt%2F|title:Aktuellt&#8221; button_color_type=&#8221;uncode-palette&#8221; uncode_shortcode_id=&#8221;186665&#8243;]L\u00e4s alla artiklar[\/vc_button][vc_empty_space empty_h=&#8221;1&#8243; desktop_visibility=&#8221;yes&#8221; medium_visibility=&#8221;yes&#8221;][\/vc_column][\/vc_row]<\/p>\n<\/div>","protected":false},"excerpt":{"rendered":"<p>[vc_row unlock_row_content=&#8221;yes&#8221; row_height_percent=&#8221;85&#8243; override_padding=&#8221;yes&#8221; h_padding=&#8221;0&#8243; top_padding=&#8221;0&#8243; bottom_padding=&#8221;0&#8243; back_color=&#8221;color-xsdn&#8221; overlay_alpha=&#8221;50&#8243; gutter_size=&#8221;3&#8243; column_width_percent=&#8221;100&#8243; shift_y=&#8221;0&#8243; z_index=&#8221;0&#8243; bottom_divider=&#8221;gradient&#8221;][vc_column column_width_percent=&#8221;100&#8243; align_horizontal=&#8221;align_center&#8221; gutter_size=&#8221;3&#8243; style=&#8221;dark&#8221; overlay_alpha=&#8221;50&#8243; shift_x=&#8221;0&#8243; [&hellip;]<\/p>\n","protected":false},"author":1,"featured_media":101449,"parent":0,"menu_order":0,"comment_status":"closed","ping_status":"closed","template":"","meta":{"footnotes":""},"class_list":["post-101448","page","type-page","status-publish","has-post-thumbnail","hentry"],"yoast_head":"<!-- This site is optimized with the Yoast SEO plugin v26.2 - https:\/\/yoast.com\/wordpress\/plugins\/seo\/ -->\n<title>Raudoitusty\u00f6t yhdess\u00e4 onnistuen - NJ Rebar - Raudoituksen ykk&ouml;nen<\/title>\n<meta name=\"description\" content=\"Raudoitusty\u00f6t ammattitaidolla, joustavasti, tehokkaasti ja yhdess\u00e4 onnistuen. NJ Rebar on Suomen johtavia raudoituksen asiantuntijayrityksi\u00e4\" \/>\n<meta name=\"robots\" content=\"index, follow, max-snippet:-1, max-image-preview:large, max-video-preview:-1\" \/>\n<link rel=\"canonical\" href=\"https:\/\/www.njrebar.com\/sv\/\" \/>\n<meta property=\"og:locale\" content=\"sv_SE\" \/>\n<meta property=\"og:type\" content=\"article\" \/>\n<meta property=\"og:title\" content=\"Raudoitusty\u00f6t yhdess\u00e4 onnistuen - NJ Rebar - Raudoituksen ykk&ouml;nen\" \/>\n<meta property=\"og:description\" content=\"Raudoitusty\u00f6t ammattitaidolla, joustavasti, tehokkaasti ja yhdess\u00e4 onnistuen. NJ Rebar on Suomen johtavia raudoituksen asiantuntijayrityksi\u00e4\" \/>\n<meta property=\"og:url\" content=\"https:\/\/www.njrebar.com\/sv\/\" \/>\n<meta property=\"og:site_name\" content=\"NJ Rebar - Raudoituksen ykk&ouml;nen\" \/>\n<meta property=\"article:modified_time\" content=\"2025-08-27T09:40:07+00:00\" \/>\n<meta property=\"og:image\" content=\"https:\/\/www.njrebar.com\/wp-content\/uploads\/2021\/05\/NJ-Rebar1.jpg\" \/>\n\t<meta property=\"og:image:width\" content=\"1647\" \/>\n\t<meta property=\"og:image:height\" content=\"1100\" \/>\n\t<meta property=\"og:image:type\" content=\"image\/jpeg\" \/>\n<meta name=\"twitter:card\" content=\"summary_large_image\" \/>\n<meta name=\"twitter:label1\" content=\"Ber\u00e4knad l\u00e4stid\" \/>\n\t<meta name=\"twitter:data1\" content=\"5 minuter\" \/>\n<script type=\"application\/ld+json\" class=\"yoast-schema-graph\">{\"@context\":\"https:\/\/schema.org\",\"@graph\":[{\"@type\":\"WebPage\",\"@id\":\"https:\/\/www.njrebar.com\/sv\/\",\"url\":\"https:\/\/www.njrebar.com\/sv\/\",\"name\":\"Raudoitusty\u00f6t yhdess\u00e4 onnistuen - NJ Rebar - Raudoituksen ykk&ouml;nen\",\"isPartOf\":{\"@id\":\"https:\/\/www.njrebar.com\/sv\/#website\"},\"primaryImageOfPage\":{\"@id\":\"https:\/\/www.njrebar.com\/sv\/#primaryimage\"},\"image\":{\"@id\":\"https:\/\/www.njrebar.com\/sv\/#primaryimage\"},\"thumbnailUrl\":\"https:\/\/www.njrebar.com\/wp-content\/uploads\/2021\/05\/NJ-Rebar1.jpg\",\"datePublished\":\"2021-05-04T08:12:55+00:00\",\"dateModified\":\"2025-08-27T09:40:07+00:00\",\"description\":\"Raudoitusty\u00f6t ammattitaidolla, joustavasti, tehokkaasti ja yhdess\u00e4 onnistuen. NJ Rebar on Suomen johtavia raudoituksen asiantuntijayrityksi\u00e4\",\"breadcrumb\":{\"@id\":\"https:\/\/www.njrebar.com\/sv\/#breadcrumb\"},\"inLanguage\":\"sv-SE\",\"potentialAction\":[{\"@type\":\"ReadAction\",\"target\":[\"https:\/\/www.njrebar.com\/sv\/\"]}]},{\"@type\":\"ImageObject\",\"inLanguage\":\"sv-SE\",\"@id\":\"https:\/\/www.njrebar.com\/sv\/#primaryimage\",\"url\":\"https:\/\/www.njrebar.com\/wp-content\/uploads\/2021\/05\/NJ-Rebar1.jpg\",\"contentUrl\":\"https:\/\/www.njrebar.com\/wp-content\/uploads\/2021\/05\/NJ-Rebar1.jpg\",\"width\":1647,\"height\":1100},{\"@type\":\"BreadcrumbList\",\"@id\":\"https:\/\/www.njrebar.com\/sv\/#breadcrumb\",\"itemListElement\":[{\"@type\":\"ListItem\",\"position\":1,\"name\":\"Etusivu\",\"item\":\"https:\/\/www.njrebar.com\/sv\/\"},{\"@type\":\"ListItem\",\"position\":2,\"name\":\"Framsida\"}]},{\"@type\":\"WebSite\",\"@id\":\"https:\/\/www.njrebar.com\/sv\/#website\",\"url\":\"https:\/\/www.njrebar.com\/sv\/\",\"name\":\"NJ Rebar - Raudoituksen ykk&ouml;nen\",\"description\":\"Raudoitusty&ouml;t yhdess&auml; onnistuen\",\"publisher\":{\"@id\":\"https:\/\/www.njrebar.com\/sv\/#organization\"},\"potentialAction\":[{\"@type\":\"SearchAction\",\"target\":{\"@type\":\"EntryPoint\",\"urlTemplate\":\"https:\/\/www.njrebar.com\/sv\/?s={search_term_string}\"},\"query-input\":{\"@type\":\"PropertyValueSpecification\",\"valueRequired\":true,\"valueName\":\"search_term_string\"}}],\"inLanguage\":\"sv-SE\"},{\"@type\":\"Organization\",\"@id\":\"https:\/\/www.njrebar.com\/sv\/#organization\",\"name\":\"NJ Rebar\",\"url\":\"https:\/\/www.njrebar.com\/sv\/\",\"logo\":{\"@type\":\"ImageObject\",\"inLanguage\":\"sv-SE\",\"@id\":\"https:\/\/www.njrebar.com\/sv\/#\/schema\/logo\/image\/\",\"url\":\"https:\/\/www.njrebar.com\/wp-content\/uploads\/2021\/05\/NJ-Rebar-logo-taustalla.jpg\",\"contentUrl\":\"https:\/\/www.njrebar.com\/wp-content\/uploads\/2021\/05\/NJ-Rebar-logo-taustalla.jpg\",\"width\":708,\"height\":781,\"caption\":\"NJ Rebar\"},\"image\":{\"@id\":\"https:\/\/www.njrebar.com\/sv\/#\/schema\/logo\/image\/\"}}]}<\/script>\n<!-- \/ Yoast SEO plugin. -->","yoast_head_json":{"title":"Raudoitusty\u00f6t yhdess\u00e4 onnistuen - NJ Rebar - Raudoituksen ykk&ouml;nen","description":"Raudoitusty\u00f6t ammattitaidolla, joustavasti, tehokkaasti ja yhdess\u00e4 onnistuen. NJ Rebar on Suomen johtavia raudoituksen asiantuntijayrityksi\u00e4","robots":{"index":"index","follow":"follow","max-snippet":"max-snippet:-1","max-image-preview":"max-image-preview:large","max-video-preview":"max-video-preview:-1"},"canonical":"https:\/\/www.njrebar.com\/sv\/","og_locale":"sv_SE","og_type":"article","og_title":"Raudoitusty\u00f6t yhdess\u00e4 onnistuen - NJ Rebar - Raudoituksen ykk&ouml;nen","og_description":"Raudoitusty\u00f6t ammattitaidolla, joustavasti, tehokkaasti ja yhdess\u00e4 onnistuen. NJ Rebar on Suomen johtavia raudoituksen asiantuntijayrityksi\u00e4","og_url":"https:\/\/www.njrebar.com\/sv\/","og_site_name":"NJ Rebar - Raudoituksen ykk&ouml;nen","article_modified_time":"2025-08-27T09:40:07+00:00","og_image":[{"width":1647,"height":1100,"url":"https:\/\/www.njrebar.com\/wp-content\/uploads\/2021\/05\/NJ-Rebar1.jpg","type":"image\/jpeg"}],"twitter_card":"summary_large_image","twitter_misc":{"Ber\u00e4knad l\u00e4stid":"5 minuter"},"schema":{"@context":"https:\/\/schema.org","@graph":[{"@type":"WebPage","@id":"https:\/\/www.njrebar.com\/sv\/","url":"https:\/\/www.njrebar.com\/sv\/","name":"Raudoitusty\u00f6t yhdess\u00e4 onnistuen - NJ Rebar - Raudoituksen ykk&ouml;nen","isPartOf":{"@id":"https:\/\/www.njrebar.com\/sv\/#website"},"primaryImageOfPage":{"@id":"https:\/\/www.njrebar.com\/sv\/#primaryimage"},"image":{"@id":"https:\/\/www.njrebar.com\/sv\/#primaryimage"},"thumbnailUrl":"https:\/\/www.njrebar.com\/wp-content\/uploads\/2021\/05\/NJ-Rebar1.jpg","datePublished":"2021-05-04T08:12:55+00:00","dateModified":"2025-08-27T09:40:07+00:00","description":"Raudoitusty\u00f6t ammattitaidolla, joustavasti, tehokkaasti ja yhdess\u00e4 onnistuen. NJ Rebar on Suomen johtavia raudoituksen asiantuntijayrityksi\u00e4","breadcrumb":{"@id":"https:\/\/www.njrebar.com\/sv\/#breadcrumb"},"inLanguage":"sv-SE","potentialAction":[{"@type":"ReadAction","target":["https:\/\/www.njrebar.com\/sv\/"]}]},{"@type":"ImageObject","inLanguage":"sv-SE","@id":"https:\/\/www.njrebar.com\/sv\/#primaryimage","url":"https:\/\/www.njrebar.com\/wp-content\/uploads\/2021\/05\/NJ-Rebar1.jpg","contentUrl":"https:\/\/www.njrebar.com\/wp-content\/uploads\/2021\/05\/NJ-Rebar1.jpg","width":1647,"height":1100},{"@type":"BreadcrumbList","@id":"https:\/\/www.njrebar.com\/sv\/#breadcrumb","itemListElement":[{"@type":"ListItem","position":1,"name":"Etusivu","item":"https:\/\/www.njrebar.com\/sv\/"},{"@type":"ListItem","position":2,"name":"Framsida"}]},{"@type":"WebSite","@id":"https:\/\/www.njrebar.com\/sv\/#website","url":"https:\/\/www.njrebar.com\/sv\/","name":"NJ Rebar - Raudoituksen ykk&ouml;nen","description":"Raudoitusty&ouml;t yhdess&auml; onnistuen","publisher":{"@id":"https:\/\/www.njrebar.com\/sv\/#organization"},"potentialAction":[{"@type":"SearchAction","target":{"@type":"EntryPoint","urlTemplate":"https:\/\/www.njrebar.com\/sv\/?s={search_term_string}"},"query-input":{"@type":"PropertyValueSpecification","valueRequired":true,"valueName":"search_term_string"}}],"inLanguage":"sv-SE"},{"@type":"Organization","@id":"https:\/\/www.njrebar.com\/sv\/#organization","name":"NJ Rebar","url":"https:\/\/www.njrebar.com\/sv\/","logo":{"@type":"ImageObject","inLanguage":"sv-SE","@id":"https:\/\/www.njrebar.com\/sv\/#\/schema\/logo\/image\/","url":"https:\/\/www.njrebar.com\/wp-content\/uploads\/2021\/05\/NJ-Rebar-logo-taustalla.jpg","contentUrl":"https:\/\/www.njrebar.com\/wp-content\/uploads\/2021\/05\/NJ-Rebar-logo-taustalla.jpg","width":708,"height":781,"caption":"NJ Rebar"},"image":{"@id":"https:\/\/www.njrebar.com\/sv\/#\/schema\/logo\/image\/"}}]}},"_links":{"self":[{"href":"https:\/\/www.njrebar.com\/sv\/wp-json\/wp\/v2\/pages\/101448","targetHints":{"allow":["GET"]}}],"collection":[{"href":"https:\/\/www.njrebar.com\/sv\/wp-json\/wp\/v2\/pages"}],"about":[{"href":"https:\/\/www.njrebar.com\/sv\/wp-json\/wp\/v2\/types\/page"}],"author":[{"embeddable":true,"href":"https:\/\/www.njrebar.com\/sv\/wp-json\/wp\/v2\/users\/1"}],"replies":[{"embeddable":true,"href":"https:\/\/www.njrebar.com\/sv\/wp-json\/wp\/v2\/comments?post=101448"}],"version-history":[{"count":8,"href":"https:\/\/www.njrebar.com\/sv\/wp-json\/wp\/v2\/pages\/101448\/revisions"}],"predecessor-version":[{"id":101575,"href":"https:\/\/www.njrebar.com\/sv\/wp-json\/wp\/v2\/pages\/101448\/revisions\/101575"}],"wp:featuredmedia":[{"embeddable":true,"href":"https:\/\/www.njrebar.com\/sv\/wp-json\/wp\/v2\/media\/101449"}],"wp:attachment":[{"href":"https:\/\/www.njrebar.com\/sv\/wp-json\/wp\/v2\/media?parent=101448"}],"curies":[{"name":"wp","href":"https:\/\/api.w.org\/{rel}","templated":true}]}}