{"id":101436,"date":"2025-05-06T10:13:04","date_gmt":"2025-05-06T07:13:04","guid":{"rendered":"https:\/\/www.njrebar.com\/nj-rebar-ab\/"},"modified":"2025-09-17T13:05:29","modified_gmt":"2025-09-17T10:05:29","slug":"nj-rebar-ab","status":"publish","type":"page","link":"https:\/\/www.njrebar.com\/sv\/nj-rebar-ab\/","title":{"rendered":"NJ Rebar Ab"},"content":{"rendered":"<div class=\"wpb-content-wrapper\"><p>[vc_row row_height_percent=&#8221;0&#8243; override_padding=&#8221;yes&#8221; h_padding=&#8221;2&#8243; top_padding=&#8221;7&#8243; bottom_padding=&#8221;7&#8243; back_color=&#8221;color-xsdn&#8221; overlay_alpha=&#8221;50&#8243; gutter_size=&#8221;3&#8243; column_width_percent=&#8221;100&#8243; shift_y=&#8221;0&#8243; z_index=&#8221;0&#8243;][vc_column width=&#8221;1\/1&#8243;][vc_custom_heading heading_semantic=&#8221;h1&#8243; text_size=&#8221;fontsize-338686&#8243; text_weight=&#8221;300&#8243; uncode_shortcode_id=&#8221;486871&#8243;]NJ Rebar Ab[\/vc_custom_heading][vc_custom_heading text_size=&#8221;h3&#8243; text_weight=&#8221;300&#8243; text_height=&#8221;fontheight-357766&#8243; uncode_shortcode_id=&#8221;864288&#8243;]NJ Rebar har ut\u00f6kat sin verksamhet till Sverige genom att etablera ett dotterbolag: NJ Rebar Ab. V\u00e5rt f\u00f6rsta projekt startade i november 2024 i Boden, d\u00e4r vi deltar i armeringsarbeten f\u00f6r industrikomplexet Stegra Green Steel.[\/vc_custom_heading][vc_custom_heading text_size=&#8221;h3&#8243; text_weight=&#8221;300&#8243; text_height=&#8221;fontheight-357766&#8243; uncode_shortcode_id=&#8221;121638&#8243;]Kvalitativa armeringstj\u00e4nster \u2013 <strong>i hela landet.<\/strong>[\/vc_custom_heading][\/vc_column][\/vc_row][vc_row unlock_row_content=&#8221;yes&#8221; row_height_percent=&#8221;0&#8243; override_padding=&#8221;yes&#8221; h_padding=&#8221;0&#8243; top_padding=&#8221;0&#8243; bottom_padding=&#8221;3&#8243; overlay_alpha=&#8221;50&#8243; equal_height=&#8221;yes&#8221; gutter_size=&#8221;2&#8243; column_width_percent=&#8221;100&#8243; shift_y=&#8221;0&#8243; z_index=&#8221;0&#8243;][vc_column column_width_percent=&#8221;100&#8243; align_horizontal=&#8221;align_center&#8221; gutter_size=&#8221;3&#8243; overlay_alpha=&#8221;50&#8243; shift_x=&#8221;0&#8243; shift_y=&#8221;0&#8243; shift_y_down=&#8221;0&#8243; z_index=&#8221;0&#8243; medium_width=&#8221;0&#8243; mobile_width=&#8221;0&#8243; width=&#8221;1\/2&#8243; uncode_shortcode_id=&#8221;372917&#8243;][vc_single_image media=&#8221;77537&#8243; media_width_percent=&#8221;100&#8243; media_ratio=&#8221;sixteen-nine&#8221;][vc_row_inner row_inner_height_percent=&#8221;0&#8243; overlay_alpha=&#8221;50&#8243; gutter_size=&#8221;3&#8243; shift_y=&#8221;0&#8243; z_index=&#8221;0&#8243;][vc_column_inner column_width_percent=&#8221;80&#8243; gutter_size=&#8221;3&#8243; override_padding=&#8221;yes&#8221; column_padding=&#8221;2&#8243; overlay_alpha=&#8221;50&#8243; shift_x=&#8221;0&#8243; shift_y=&#8221;0&#8243; shift_y_down=&#8221;0&#8243; z_index=&#8221;0&#8243; medium_width=&#8221;0&#8243; mobile_width=&#8221;0&#8243; width=&#8221;1\/1&#8243; uncode_shortcode_id=&#8221;161750&#8243;][vc_custom_heading heading_semantic=&#8221;h1&#8243; text_weight=&#8221;400&#8243; uncode_shortcode_id=&#8221;169385&#8243;]Armering \u00e4r v\u00e5r expertis[\/vc_custom_heading][vc_column_text uncode_shortcode_id=&#8221;102623&#8243;]NJ Rebar Ab \u00e4r ett specialistf\u00f6retag inom armering med verksamhet i b\u00e5de Finland och Sverige. Med \u00f6ver 75 yrkespersoner i v\u00e5rt team och decennier av erfarenhet levererar vi framg\u00e5ng \u2013 \u00e4ven i de mest kr\u00e4vande armeringsprojekten.[\/vc_column_text][vc_empty_space empty_h=&#8221;2&#8243; desktop_visibility=&#8221;yes&#8221; medium_visibility=&#8221;yes&#8221;][\/vc_column_inner][\/vc_row_inner][\/vc_column][vc_column column_width_percent=&#8221;100&#8243; align_horizontal=&#8221;align_center&#8221; gutter_size=&#8221;3&#8243; overlay_alpha=&#8221;50&#8243; shift_x=&#8221;0&#8243; shift_y=&#8221;0&#8243; shift_y_down=&#8221;0&#8243; z_index=&#8221;0&#8243; medium_width=&#8221;0&#8243; mobile_width=&#8221;0&#8243; width=&#8221;1\/2&#8243; uncode_shortcode_id=&#8221;592474&#8243;][vc_single_image media=&#8221;77547&#8243; media_width_percent=&#8221;100&#8243; media_ratio=&#8221;sixteen-nine&#8221;][vc_row_inner row_inner_height_percent=&#8221;0&#8243; overlay_alpha=&#8221;50&#8243; gutter_size=&#8221;3&#8243; shift_y=&#8221;0&#8243; z_index=&#8221;0&#8243;][vc_column_inner column_width_percent=&#8221;80&#8243; gutter_size=&#8221;3&#8243; override_padding=&#8221;yes&#8221; column_padding=&#8221;2&#8243; overlay_alpha=&#8221;50&#8243; shift_x=&#8221;0&#8243; shift_y=&#8221;0&#8243; shift_y_down=&#8221;0&#8243; z_index=&#8221;0&#8243; medium_width=&#8221;0&#8243; mobile_width=&#8221;0&#8243; width=&#8221;1\/1&#8243; uncode_shortcode_id=&#8221;824215&#8243;][vc_custom_heading heading_semantic=&#8221;h1&#8243; text_weight=&#8221;400&#8243; uncode_shortcode_id=&#8221;182541&#8243;]Kvalitet inom armering \u2013 i hela landet<\/p>\n<p>[\/vc_custom_heading][vc_column_text uncode_shortcode_id=&#8221;121984&#8243;]V\u00e5rt f\u00f6rsta projekt startade i november 2024 i Boden, d\u00e4r vi utf\u00f6r armeringsarbeten f\u00f6r industrikomplexet Stegra Green Steel. Vi \u00e4r tillg\u00e4ngliga f\u00f6r armeringsprojekt i hela landet.<\/p>\n<p>[\/vc_column_text][\/vc_column_inner][\/vc_row_inner][\/vc_column][\/vc_row][vc_row unlock_row_content=&#8221;yes&#8221; row_height_percent=&#8221;74&#8243; override_padding=&#8221;yes&#8221; h_padding=&#8221;0&#8243; top_padding=&#8221;2&#8243; bottom_padding=&#8221;2&#8243; back_image=&#8221;77581&#8243; overlay_color=&#8221;color-jevc&#8221; overlay_alpha=&#8221;50&#8243; gutter_size=&#8221;3&#8243; column_width_percent=&#8221;100&#8243; shift_y=&#8221;0&#8243; z_index=&#8221;0&#8243; desktop_visibility=&#8221;yes&#8221; medium_visibility=&#8221;yes&#8221; mobile_visibility=&#8221;yes&#8221; uncode_shortcode_id=&#8221;170512&#8243; overlay_color_type=&#8221;uncode-palette&#8221;][vc_column column_width_percent=&#8221;80&#8243; position_vertical=&#8221;middle&#8221; align_horizontal=&#8221;align_center&#8221; gutter_size=&#8221;3&#8243; style=&#8221;dark&#8221; overlay_alpha=&#8221;50&#8243; shift_x=&#8221;0&#8243; shift_y=&#8221;0&#8243; shift_y_down=&#8221;0&#8243; z_index=&#8221;0&#8243; medium_width=&#8221;0&#8243; mobile_width=&#8221;0&#8243; width=&#8221;1\/1&#8243;][vc_icon icon=&#8221;fa fa-play2&#8243; background_style=&#8221;fa-rounded&#8221; size=&#8221;fa-3x&#8221; icon_automatic=&#8221;yes&#8221; media_lightbox=&#8221;77683&#8243;][\/vc_icon][vc_custom_heading]<span class=\"color_14\">Puolalaiset raudoittajamme kertovat videolla\u00a0ty\u00f6st\u00e4\u00e4n Suomessa<\/span>[\/vc_custom_heading][\/vc_column][\/vc_row][vc_row row_height_percent=&#8221;0&#8243; override_padding=&#8221;yes&#8221; h_padding=&#8221;2&#8243; top_padding=&#8221;3&#8243; bottom_padding=&#8221;3&#8243; back_color=&#8221;color-lxmt&#8221; overlay_alpha=&#8221;0&#8243; gutter_size=&#8221;100&#8243; column_width_percent=&#8221;100&#8243; shift_y=&#8221;0&#8243; z_index=&#8221;0&#8243; style=&#8221;inherited&#8221;][vc_column column_width_percent=&#8221;100&#8243; position_vertical=&#8221;middle&#8221; align_horizontal=&#8221;align_center&#8221; gutter_size=&#8221;3&#8243; overlay_alpha=&#8221;100&#8243; shift_x=&#8221;0&#8243; shift_y=&#8221;0&#8243; shift_y_down=&#8221;0&#8243; z_index=&#8221;0&#8243; medium_width=&#8221;0&#8243; mobile_width=&#8221;0&#8243; zoom_width=&#8221;0&#8243; zoom_height=&#8221;0&#8243; width=&#8221;1\/1&#8243;][vc_custom_heading heading_semantic=&#8221;h1&#8243; text_size=&#8221;fontsize-155944&#8243; text_weight=&#8221;300&#8243; uncode_shortcode_id=&#8221;562727&#8243;]Kontakt<\/p>\n<p>[\/vc_custom_heading][vc_column_text text_lead=&#8221;yes&#8221; uncode_shortcode_id=&#8221;188877&#8243;]<strong>Kontakta Oss<\/strong><br \/>\nAnna Teikari<br \/>\nAdministrationskoordinator<br \/>\n+358 44 493 5443<br \/>\nanna.teikari@njrebar.com<\/p>\n<p><strong>F\u00f6rfr\u00e5gningar<\/strong><br \/>\nOsmo T\u00f6yryl\u00e4<br \/>\nVD<br \/>\n+358 40 873 9696<br \/>\nosmo.toyryla@njrebar.com<\/p>\n<p class=\"\" data-start=\"141\" data-end=\"213\"><strong data-start=\"141\" data-end=\"155\">Postadress<\/strong><br data-start=\"155\" data-end=\"158\" \/>C\/O Win Win Ekonomi AB<br data-start=\"180\" data-end=\"183\" \/>Box 92138<br data-start=\"192\" data-end=\"195\" \/>120 08 Stockholm<\/p>\n<p class=\"\" data-start=\"215\" data-end=\"340\"><strong data-start=\"215\" data-end=\"237\">Fakturainformation<\/strong><br data-start=\"237\" data-end=\"240\" \/>Fakturan ska sparas som en pdf (en faktura\/pdf). Fakturan ska skickas till:<br data-start=\"315\" data-end=\"318\" \/><a class=\"cursor-pointer\" rel=\"noopener\" data-start=\"318\" data-end=\"340\">njrebar@levfakturor.se<\/a><\/p>\n<p>\u00a0[\/vc_column_text][\/vc_column][\/vc_row]<\/p>\n<\/div>","protected":false},"excerpt":{"rendered":"<p>[vc_row row_height_percent=&#8221;0&#8243; override_padding=&#8221;yes&#8221; h_padding=&#8221;2&#8243; top_padding=&#8221;7&#8243; bottom_padding=&#8221;7&#8243; back_color=&#8221;color-xsdn&#8221; overlay_alpha=&#8221;50&#8243; gutter_size=&#8221;3&#8243; column_width_percent=&#8221;100&#8243; shift_y=&#8221;0&#8243; z_index=&#8221;0&#8243;][vc_column width=&#8221;1\/1&#8243;][vc_custom_heading heading_semantic=&#8221;h1&#8243; text_size=&#8221;fontsize-338686&#8243; text_weight=&#8221;300&#8243; uncode_shortcode_id=&#8221;486871&#8243;]NJ Rebar Ab[\/vc_custom_heading][vc_custom_heading text_size=&#8221;h3&#8243; [&hellip;]<\/p>\n","protected":false},"author":1,"featured_media":101437,"parent":0,"menu_order":0,"comment_status":"closed","ping_status":"closed","template":"","meta":{"footnotes":""},"class_list":["post-101436","page","type-page","status-publish","has-post-thumbnail","hentry"],"yoast_head":"<!-- This site is optimized with the Yoast SEO plugin v26.2 - https:\/\/yoast.com\/wordpress\/plugins\/seo\/ -->\n<title>NJ Rebar Ab - NJ Rebar - Raudoituksen ykk&ouml;nen<\/title>\n<meta name=\"robots\" content=\"index, follow, max-snippet:-1, max-image-preview:large, max-video-preview:-1\" \/>\n<link rel=\"canonical\" href=\"https:\/\/www.njrebar.com\/sv\/nj-rebar-ab\/\" \/>\n<meta property=\"og:locale\" content=\"sv_SE\" \/>\n<meta property=\"og:type\" content=\"article\" \/>\n<meta property=\"og:title\" content=\"NJ Rebar Ab - NJ Rebar - Raudoituksen ykk&ouml;nen\" \/>\n<meta property=\"og:description\" content=\"[vc_row row_height_percent=&#8221;0&#8243; override_padding=&#8221;yes&#8221; h_padding=&#8221;2&#8243; top_padding=&#8221;7&#8243; bottom_padding=&#8221;7&#8243; back_color=&#8221;color-xsdn&#8221; overlay_alpha=&#8221;50&#8243; gutter_size=&#8221;3&#8243; column_width_percent=&#8221;100&#8243; shift_y=&#8221;0&#8243; z_index=&#8221;0&#8243;][vc_column width=&#8221;1\/1&#8243;][vc_custom_heading heading_semantic=&#8221;h1&#8243; text_size=&#8221;fontsize-338686&#8243; text_weight=&#8221;300&#8243; uncode_shortcode_id=&#8221;486871&#8243;]NJ Rebar Ab[\/vc_custom_heading][vc_custom_heading text_size=&#8221;h3&#8243; [&hellip;]\" \/>\n<meta property=\"og:url\" content=\"https:\/\/www.njrebar.com\/sv\/nj-rebar-ab\/\" \/>\n<meta property=\"og:site_name\" content=\"NJ Rebar - Raudoituksen ykk&ouml;nen\" \/>\n<meta property=\"article:modified_time\" content=\"2025-09-17T10:05:29+00:00\" \/>\n<meta property=\"og:image\" content=\"https:\/\/www.njrebar.com\/wp-content\/uploads\/2021\/05\/NJ-Rebar3.jpg\" \/>\n\t<meta property=\"og:image:width\" content=\"1800\" \/>\n\t<meta property=\"og:image:height\" content=\"1202\" \/>\n\t<meta property=\"og:image:type\" content=\"image\/jpeg\" \/>\n<meta name=\"twitter:card\" content=\"summary_large_image\" \/>\n<meta name=\"twitter:label1\" content=\"Ber\u00e4knad l\u00e4stid\" \/>\n\t<meta name=\"twitter:data1\" content=\"3 minuter\" \/>\n<script type=\"application\/ld+json\" class=\"yoast-schema-graph\">{\"@context\":\"https:\/\/schema.org\",\"@graph\":[{\"@type\":\"WebPage\",\"@id\":\"https:\/\/www.njrebar.com\/sv\/nj-rebar-ab\/\",\"url\":\"https:\/\/www.njrebar.com\/sv\/nj-rebar-ab\/\",\"name\":\"NJ Rebar Ab - NJ Rebar - Raudoituksen ykk&ouml;nen\",\"isPartOf\":{\"@id\":\"https:\/\/www.njrebar.com\/sv\/#website\"},\"primaryImageOfPage\":{\"@id\":\"https:\/\/www.njrebar.com\/sv\/nj-rebar-ab\/#primaryimage\"},\"image\":{\"@id\":\"https:\/\/www.njrebar.com\/sv\/nj-rebar-ab\/#primaryimage\"},\"thumbnailUrl\":\"https:\/\/www.njrebar.com\/wp-content\/uploads\/2021\/05\/NJ-Rebar3.jpg\",\"datePublished\":\"2025-05-06T07:13:04+00:00\",\"dateModified\":\"2025-09-17T10:05:29+00:00\",\"breadcrumb\":{\"@id\":\"https:\/\/www.njrebar.com\/sv\/nj-rebar-ab\/#breadcrumb\"},\"inLanguage\":\"sv-SE\",\"potentialAction\":[{\"@type\":\"ReadAction\",\"target\":[\"https:\/\/www.njrebar.com\/sv\/nj-rebar-ab\/\"]}]},{\"@type\":\"ImageObject\",\"inLanguage\":\"sv-SE\",\"@id\":\"https:\/\/www.njrebar.com\/sv\/nj-rebar-ab\/#primaryimage\",\"url\":\"https:\/\/www.njrebar.com\/wp-content\/uploads\/2021\/05\/NJ-Rebar3.jpg\",\"contentUrl\":\"https:\/\/www.njrebar.com\/wp-content\/uploads\/2021\/05\/NJ-Rebar3.jpg\",\"width\":1800,\"height\":1202},{\"@type\":\"BreadcrumbList\",\"@id\":\"https:\/\/www.njrebar.com\/sv\/nj-rebar-ab\/#breadcrumb\",\"itemListElement\":[{\"@type\":\"ListItem\",\"position\":1,\"name\":\"Etusivu\",\"item\":\"https:\/\/www.njrebar.com\/sv\/\"},{\"@type\":\"ListItem\",\"position\":2,\"name\":\"NJ Rebar Ab\"}]},{\"@type\":\"WebSite\",\"@id\":\"https:\/\/www.njrebar.com\/sv\/#website\",\"url\":\"https:\/\/www.njrebar.com\/sv\/\",\"name\":\"NJ Rebar - Raudoituksen ykk&ouml;nen\",\"description\":\"Raudoitusty&ouml;t yhdess&auml; onnistuen\",\"publisher\":{\"@id\":\"https:\/\/www.njrebar.com\/sv\/#organization\"},\"potentialAction\":[{\"@type\":\"SearchAction\",\"target\":{\"@type\":\"EntryPoint\",\"urlTemplate\":\"https:\/\/www.njrebar.com\/sv\/?s={search_term_string}\"},\"query-input\":{\"@type\":\"PropertyValueSpecification\",\"valueRequired\":true,\"valueName\":\"search_term_string\"}}],\"inLanguage\":\"sv-SE\"},{\"@type\":\"Organization\",\"@id\":\"https:\/\/www.njrebar.com\/sv\/#organization\",\"name\":\"NJ Rebar\",\"url\":\"https:\/\/www.njrebar.com\/sv\/\",\"logo\":{\"@type\":\"ImageObject\",\"inLanguage\":\"sv-SE\",\"@id\":\"https:\/\/www.njrebar.com\/sv\/#\/schema\/logo\/image\/\",\"url\":\"https:\/\/www.njrebar.com\/wp-content\/uploads\/2021\/05\/NJ-Rebar-logo-taustalla.jpg\",\"contentUrl\":\"https:\/\/www.njrebar.com\/wp-content\/uploads\/2021\/05\/NJ-Rebar-logo-taustalla.jpg\",\"width\":708,\"height\":781,\"caption\":\"NJ Rebar\"},\"image\":{\"@id\":\"https:\/\/www.njrebar.com\/sv\/#\/schema\/logo\/image\/\"}}]}<\/script>\n<!-- \/ Yoast SEO plugin. -->","yoast_head_json":{"title":"NJ Rebar Ab - NJ Rebar - Raudoituksen ykk&ouml;nen","robots":{"index":"index","follow":"follow","max-snippet":"max-snippet:-1","max-image-preview":"max-image-preview:large","max-video-preview":"max-video-preview:-1"},"canonical":"https:\/\/www.njrebar.com\/sv\/nj-rebar-ab\/","og_locale":"sv_SE","og_type":"article","og_title":"NJ Rebar Ab - NJ Rebar - Raudoituksen ykk&ouml;nen","og_description":"[vc_row row_height_percent=&#8221;0&#8243; override_padding=&#8221;yes&#8221; h_padding=&#8221;2&#8243; top_padding=&#8221;7&#8243; bottom_padding=&#8221;7&#8243; back_color=&#8221;color-xsdn&#8221; overlay_alpha=&#8221;50&#8243; gutter_size=&#8221;3&#8243; column_width_percent=&#8221;100&#8243; shift_y=&#8221;0&#8243; z_index=&#8221;0&#8243;][vc_column width=&#8221;1\/1&#8243;][vc_custom_heading heading_semantic=&#8221;h1&#8243; text_size=&#8221;fontsize-338686&#8243; text_weight=&#8221;300&#8243; uncode_shortcode_id=&#8221;486871&#8243;]NJ Rebar Ab[\/vc_custom_heading][vc_custom_heading text_size=&#8221;h3&#8243; [&hellip;]","og_url":"https:\/\/www.njrebar.com\/sv\/nj-rebar-ab\/","og_site_name":"NJ Rebar - Raudoituksen ykk&ouml;nen","article_modified_time":"2025-09-17T10:05:29+00:00","og_image":[{"width":1800,"height":1202,"url":"https:\/\/www.njrebar.com\/wp-content\/uploads\/2021\/05\/NJ-Rebar3.jpg","type":"image\/jpeg"}],"twitter_card":"summary_large_image","twitter_misc":{"Ber\u00e4knad l\u00e4stid":"3 minuter"},"schema":{"@context":"https:\/\/schema.org","@graph":[{"@type":"WebPage","@id":"https:\/\/www.njrebar.com\/sv\/nj-rebar-ab\/","url":"https:\/\/www.njrebar.com\/sv\/nj-rebar-ab\/","name":"NJ Rebar Ab - NJ Rebar - Raudoituksen ykk&ouml;nen","isPartOf":{"@id":"https:\/\/www.njrebar.com\/sv\/#website"},"primaryImageOfPage":{"@id":"https:\/\/www.njrebar.com\/sv\/nj-rebar-ab\/#primaryimage"},"image":{"@id":"https:\/\/www.njrebar.com\/sv\/nj-rebar-ab\/#primaryimage"},"thumbnailUrl":"https:\/\/www.njrebar.com\/wp-content\/uploads\/2021\/05\/NJ-Rebar3.jpg","datePublished":"2025-05-06T07:13:04+00:00","dateModified":"2025-09-17T10:05:29+00:00","breadcrumb":{"@id":"https:\/\/www.njrebar.com\/sv\/nj-rebar-ab\/#breadcrumb"},"inLanguage":"sv-SE","potentialAction":[{"@type":"ReadAction","target":["https:\/\/www.njrebar.com\/sv\/nj-rebar-ab\/"]}]},{"@type":"ImageObject","inLanguage":"sv-SE","@id":"https:\/\/www.njrebar.com\/sv\/nj-rebar-ab\/#primaryimage","url":"https:\/\/www.njrebar.com\/wp-content\/uploads\/2021\/05\/NJ-Rebar3.jpg","contentUrl":"https:\/\/www.njrebar.com\/wp-content\/uploads\/2021\/05\/NJ-Rebar3.jpg","width":1800,"height":1202},{"@type":"BreadcrumbList","@id":"https:\/\/www.njrebar.com\/sv\/nj-rebar-ab\/#breadcrumb","itemListElement":[{"@type":"ListItem","position":1,"name":"Etusivu","item":"https:\/\/www.njrebar.com\/sv\/"},{"@type":"ListItem","position":2,"name":"NJ Rebar Ab"}]},{"@type":"WebSite","@id":"https:\/\/www.njrebar.com\/sv\/#website","url":"https:\/\/www.njrebar.com\/sv\/","name":"NJ Rebar - Raudoituksen ykk&ouml;nen","description":"Raudoitusty&ouml;t yhdess&auml; onnistuen","publisher":{"@id":"https:\/\/www.njrebar.com\/sv\/#organization"},"potentialAction":[{"@type":"SearchAction","target":{"@type":"EntryPoint","urlTemplate":"https:\/\/www.njrebar.com\/sv\/?s={search_term_string}"},"query-input":{"@type":"PropertyValueSpecification","valueRequired":true,"valueName":"search_term_string"}}],"inLanguage":"sv-SE"},{"@type":"Organization","@id":"https:\/\/www.njrebar.com\/sv\/#organization","name":"NJ Rebar","url":"https:\/\/www.njrebar.com\/sv\/","logo":{"@type":"ImageObject","inLanguage":"sv-SE","@id":"https:\/\/www.njrebar.com\/sv\/#\/schema\/logo\/image\/","url":"https:\/\/www.njrebar.com\/wp-content\/uploads\/2021\/05\/NJ-Rebar-logo-taustalla.jpg","contentUrl":"https:\/\/www.njrebar.com\/wp-content\/uploads\/2021\/05\/NJ-Rebar-logo-taustalla.jpg","width":708,"height":781,"caption":"NJ Rebar"},"image":{"@id":"https:\/\/www.njrebar.com\/sv\/#\/schema\/logo\/image\/"}}]}},"_links":{"self":[{"href":"https:\/\/www.njrebar.com\/sv\/wp-json\/wp\/v2\/pages\/101436","targetHints":{"allow":["GET"]}}],"collection":[{"href":"https:\/\/www.njrebar.com\/sv\/wp-json\/wp\/v2\/pages"}],"about":[{"href":"https:\/\/www.njrebar.com\/sv\/wp-json\/wp\/v2\/types\/page"}],"author":[{"embeddable":true,"href":"https:\/\/www.njrebar.com\/sv\/wp-json\/wp\/v2\/users\/1"}],"replies":[{"embeddable":true,"href":"https:\/\/www.njrebar.com\/sv\/wp-json\/wp\/v2\/comments?post=101436"}],"version-history":[{"count":4,"href":"https:\/\/www.njrebar.com\/sv\/wp-json\/wp\/v2\/pages\/101436\/revisions"}],"predecessor-version":[{"id":101615,"href":"https:\/\/www.njrebar.com\/sv\/wp-json\/wp\/v2\/pages\/101436\/revisions\/101615"}],"wp:featuredmedia":[{"embeddable":true,"href":"https:\/\/www.njrebar.com\/sv\/wp-json\/wp\/v2\/media\/101437"}],"wp:attachment":[{"href":"https:\/\/www.njrebar.com\/sv\/wp-json\/wp\/v2\/media?parent=101436"}],"curies":[{"name":"wp","href":"https:\/\/api.w.org\/{rel}","templated":true}]}}