{"id":101311,"date":"2021-05-04T08:12:55","date_gmt":"2021-05-04T08:12:55","guid":{"rendered":"https:\/\/www.njrebar.com\/etusivu\/"},"modified":"2025-09-09T11:51:46","modified_gmt":"2025-09-09T08:51:46","slug":"etusivu","status":"publish","type":"page","link":"https:\/\/www.njrebar.com\/en\/","title":{"rendered":"Home"},"content":{"rendered":"<div class=\"wpb-content-wrapper\"><p>[vc_row unlock_row_content=&#8221;yes&#8221; row_height_percent=&#8221;85&#8243; override_padding=&#8221;yes&#8221; h_padding=&#8221;0&#8243; top_padding=&#8221;0&#8243; bottom_padding=&#8221;0&#8243; back_color=&#8221;color-xsdn&#8221; overlay_alpha=&#8221;50&#8243; gutter_size=&#8221;3&#8243; column_width_percent=&#8221;100&#8243; shift_y=&#8221;0&#8243; z_index=&#8221;0&#8243; bottom_divider=&#8221;gradient&#8221;][vc_column column_width_percent=&#8221;100&#8243; align_horizontal=&#8221;align_center&#8221; gutter_size=&#8221;3&#8243; style=&#8221;dark&#8221; overlay_alpha=&#8221;50&#8243; shift_x=&#8221;0&#8243; shift_y=&#8221;0&#8243; shift_y_down=&#8221;0&#8243; z_index=&#8221;0&#8243; medium_width=&#8221;0&#8243; mobile_width=&#8221;0&#8243; width=&#8221;1\/1&#8243; uncode_shortcode_id=&#8221;211619&#8243;][uncode_index el_id=&#8221;index-1&#8243; index_type=&#8221;carousel&#8221; loop=&#8221;size:3|order_by:date|post_type:post|taxonomy_count:10&#8243; index_back_color=&#8221;color-xsdn&#8221; carousel_lg=&#8221;1&#8243; carousel_md=&#8221;1&#8243; carousel_sm=&#8221;1&#8243; thumb_size=&#8221;fluid&#8221; carousel_height_viewport=&#8221;85&#8243; gutter_size=&#8221;0&#8243; post_items=&#8221;media|featured|onpost|original,title,spacer|half,text|excerpt,spacer_two|one,link|default|default_size|Read more&#8221; carousel_interval=&#8221;5000&#8243; carousel_navspeed=&#8221;700&#8243; carousel_loop=&#8221;yes&#8221; carousel_nav=&#8221;yes&#8221; carousel_dots=&#8221;yes&#8221; carousel_dots_space=&#8221;yes&#8221; carousel_dots_mobile=&#8221;yes&#8221; carousel_dots_inside=&#8221;yes&#8221; carousel_dot_padding=&#8221;2&#8243; stage_padding=&#8221;0&#8243; single_text=&#8221;overlay&#8221; single_overlay_color=&#8221;color-nhtu&#8221; single_overlay_opacity=&#8221;45&#8243; single_overlay_visible=&#8221;yes&#8221; single_overlay_anim=&#8221;no&#8221; single_text_visible=&#8221;yes&#8221; single_text_anim=&#8221;no&#8221; single_image_anim=&#8221;no&#8221; single_h_align=&#8221;center&#8221; single_reduced=&#8221;limit-width&#8221; single_padding=&#8221;3&#8243; single_elements_click=&#8221;yes&#8221; single_title_dimension=&#8221;fontsize-155944&#8243; single_text_lead=&#8221;yes&#8221; single_border=&#8221;yes&#8221; uncode_shortcode_id=&#8221;920591&#8243; index_back_color_type=&#8221;uncode-palette&#8221;][\/vc_column][\/vc_row][vc_row unlock_row_content=&#8221;yes&#8221; row_height_percent=&#8221;0&#8243; override_padding=&#8221;yes&#8221; h_padding=&#8221;0&#8243; top_padding=&#8221;0&#8243; bottom_padding=&#8221;0&#8243; overlay_alpha=&#8221;50&#8243; equal_height=&#8221;yes&#8221; gutter_size=&#8221;0&#8243; column_width_percent=&#8221;100&#8243; shift_y=&#8221;0&#8243; z_index=&#8221;0&#8243; uncode_shortcode_id=&#8221;196973&#8243;][vc_column column_width_use_pixel=&#8221;yes&#8221; gutter_size=&#8221;3&#8243; override_padding=&#8221;yes&#8221; column_padding=&#8221;5&#8243; overlay_alpha=&#8221;50&#8243; shift_x=&#8221;0&#8243; shift_y=&#8221;0&#8243; shift_y_down=&#8221;0&#8243; z_index=&#8221;0&#8243; medium_width=&#8221;0&#8243; mobile_width=&#8221;0&#8243; width=&#8221;1\/2&#8243; column_width_pixel=&#8221;528&#8243; uncode_shortcode_id=&#8221;695642&#8243;][vc_custom_heading heading_semantic=&#8221;h1&#8243; text_size=&#8221;fontsize-155944&#8243; text_height=&#8221;fontheight-179065&#8243; uncode_shortcode_id=&#8221;192615&#8243;]First class rebar service[\/vc_custom_heading][vc_column_text text_lead=&#8221;yes&#8221; uncode_shortcode_id=&#8221;181771&#8243;]NJ Rebar is one of the leading rebar experts in Finland. We work at the very core of construction where the foundation to sustainable future is built. Our mission is to continuously fit our clients needs with uncompromised quality and effectiveness.<\/p>\n<p>Our subsidiary NJ Rebar Ab is your nationwide partner for rebar solutions in Sweden.[\/vc_column_text][vc_row_inner row_inner_height_percent=&#8221;0&#8243; overlay_alpha=&#8221;50&#8243; gutter_size=&#8221;2&#8243; shift_y=&#8221;0&#8243; z_index=&#8221;0&#8243; limit_content=&#8221;&#8221; uncode_shortcode_id=&#8221;184481&#8243;][vc_column_inner column_width_percent=&#8221;100&#8243; gutter_size=&#8221;3&#8243; overlay_alpha=&#8221;50&#8243; shift_x=&#8221;0&#8243; shift_y=&#8221;0&#8243; shift_y_down=&#8221;0&#8243; z_index=&#8221;0&#8243; medium_width=&#8221;0&#8243; align_mobile=&#8221;align_center_mobile&#8221; mobile_width=&#8221;0&#8243; width=&#8221;1\/1&#8243;][vc_single_image media=&#8221;77543&#8243; media_width_percent=&#8221;65&#8243; uncode_shortcode_id=&#8221;709460&#8243;][\/vc_column_inner][\/vc_row_inner][vc_empty_space empty_h=&#8221;1&#8243;][\/vc_column][vc_column column_width_percent=&#8221;100&#8243; gutter_size=&#8221;3&#8243; back_image=&#8221;77581&#8243; overlay_alpha=&#8221;50&#8243; shift_x=&#8221;0&#8243; shift_y=&#8221;0&#8243; shift_y_down=&#8221;0&#8243; z_index=&#8221;0&#8243; medium_width=&#8221;0&#8243; mobile_width=&#8221;0&#8243; width=&#8221;1\/2&#8243; uncode_shortcode_id=&#8221;145252&#8243; mobile_height=&#8221;340&#8243;][\/vc_column][\/vc_row][vc_row unlock_row_content=&#8221;yes&#8221; row_height_percent=&#8221;0&#8243; override_padding=&#8221;yes&#8221; h_padding=&#8221;0&#8243; top_padding=&#8221;0&#8243; bottom_padding=&#8221;0&#8243; back_color=&#8221;color-lxmt&#8221; overlay_alpha=&#8221;50&#8243; equal_height=&#8221;yes&#8221; gutter_size=&#8221;0&#8243; column_width_percent=&#8221;100&#8243; shift_y=&#8221;0&#8243; z_index=&#8221;0&#8243; inverted_device_order=&#8221;yes&#8221; auto_height_device=&#8221;yes&#8221;][vc_column column_width_percent=&#8221;100&#8243; gutter_size=&#8221;3&#8243; back_image=&#8221;77547&#8243; overlay_alpha=&#8221;50&#8243; shift_x=&#8221;0&#8243; shift_y=&#8221;0&#8243; shift_y_down=&#8221;0&#8243; z_index=&#8221;0&#8243; medium_visibility=&#8221;yes&#8221; medium_width=&#8221;0&#8243; mobile_visibility=&#8221;yes&#8221; mobile_width=&#8221;0&#8243; width=&#8221;1\/2&#8243; mobile_height=&#8221;340&#8243; uncode_shortcode_id=&#8221;191460&#8243;][\/vc_column][vc_column column_width_use_pixel=&#8221;yes&#8221; gutter_size=&#8221;3&#8243; override_padding=&#8221;yes&#8221; column_padding=&#8221;4&#8243; style=&#8221;light&#8221; overlay_alpha=&#8221;50&#8243; shift_x=&#8221;0&#8243; shift_y=&#8221;0&#8243; shift_y_down=&#8221;0&#8243; z_index=&#8221;0&#8243; medium_width=&#8221;0&#8243; align_mobile=&#8221;align_left_mobile&#8221; mobile_width=&#8221;0&#8243; width=&#8221;1\/2&#8243; column_width_pixel=&#8221;528&#8243; uncode_shortcode_id=&#8221;106730&#8243;][vc_custom_heading text_size=&#8221;fontsize-155944&#8243; text_height=&#8221;fontheight-179065&#8243; uncode_shortcode_id=&#8221;343845&#8243;]Opportunities for good workers[\/vc_custom_heading][vc_column_text uncode_shortcode_id=&#8221;202528&#8243;]We are constantly in the lookout for experienced rebar builders and supervisors with the right attitude. We offer a relaxed and open environment with many possibilities to develop.<\/p>\n<p>You can apply for an opening by contacting us directly or through our recruiting events.<\/p>\n<p>[\/vc_column_text][vc_empty_space empty_h=&#8221;1&#8243;][vc_button button_color=&#8221;color-jevc&#8221; border_width=&#8221;0&#8243; link=&#8221;url:https%3A%2F%2Fwww.njrebar.com%2Fen%2Fcareers%2F|title:Careers&#8221; button_color_type=&#8221;uncode-palette&#8221; uncode_shortcode_id=&#8221;185430&#8243;]Read more[\/vc_button][\/vc_column][\/vc_row][vc_row row_height_percent=&#8221;0&#8243; override_padding=&#8221;yes&#8221; h_padding=&#8221;2&#8243; top_padding=&#8221;6&#8243; bottom_padding=&#8221;5&#8243; overlay_alpha=&#8221;0&#8243; gutter_size=&#8221;100&#8243; column_width_percent=&#8221;100&#8243; shift_y=&#8221;0&#8243; z_index=&#8221;0&#8243; auto_height_device=&#8221;yes&#8221; style=&#8221;inherited&#8221;][vc_column column_width_percent=&#8221;100&#8243; align_horizontal=&#8221;align_center&#8221; gutter_size=&#8221;4&#8243; overlay_alpha=&#8221;100&#8243; shift_x=&#8221;0&#8243; shift_y=&#8221;0&#8243; shift_y_down=&#8221;0&#8243; z_index=&#8221;0&#8243; medium_width=&#8221;0&#8243; mobile_width=&#8221;0&#8243; zoom_width=&#8221;0&#8243; zoom_height=&#8221;0&#8243; width=&#8221;1\/1&#8243;][vc_custom_heading text_size=&#8221;fontsize-155944&#8243; uncode_shortcode_id=&#8221;405659&#8243;]Our values[\/vc_custom_heading][vc_row_inner row_inner_height_percent=&#8221;0&#8243; overlay_alpha=&#8221;100&#8243; gutter_size=&#8221;4&#8243; shift_y=&#8221;0&#8243; limit_content=&#8221;&#8221;][vc_column_inner column_width_percent=&#8221;100&#8243; align_horizontal=&#8221;align_center&#8221; gutter_size=&#8221;3&#8243; overlay_alpha=&#8221;100&#8243; shift_x=&#8221;0&#8243; shift_y=&#8221;0&#8243; shift_y_down=&#8221;0&#8243; z_index=&#8221;0&#8243; medium_width=&#8221;3&#8243; mobile_width=&#8221;0&#8243; zoom_width=&#8221;0&#8243; zoom_height=&#8221;0&#8243; width=&#8221;1\/4&#8243; uncode_shortcode_id=&#8221;136422&#8243;][vc_icon icon=&#8221;fa fa-heart5&#8243; icon_color=&#8221;color-jevc&#8221; size=&#8221;fa-3x&#8221; text_size=&#8221;h4&#8243; align=&#8221;left&#8221; title=&#8221;Professionally&#8221; uncode_shortcode_id=&#8221;172279&#8243; icon_color_type=&#8221;uncode-palette&#8221;]We do our jobs with iron craftsmanship and uncompromised attitude. Each member of our staff is personally responsible for the end result.<\/p>\n<p>&nbsp;<\/p>\n<p>[\/vc_icon][\/vc_column_inner][vc_column_inner column_width_percent=&#8221;100&#8243; align_horizontal=&#8221;align_center&#8221; gutter_size=&#8221;3&#8243; overlay_alpha=&#8221;100&#8243; shift_x=&#8221;0&#8243; shift_y=&#8221;0&#8243; shift_y_down=&#8221;0&#8243; z_index=&#8221;0&#8243; medium_width=&#8221;3&#8243; mobile_width=&#8221;0&#8243; zoom_width=&#8221;0&#8243; zoom_height=&#8221;0&#8243; width=&#8221;1\/4&#8243; uncode_shortcode_id=&#8221;147324&#8243;][vc_icon icon=&#8221;fa fa-thumbs-up3&#8243; icon_color=&#8221;color-jevc&#8221; size=&#8221;fa-3x&#8221; text_size=&#8221;h4&#8243; align=&#8221;left&#8221; title=&#8221;Efficiently&#8221; uncode_shortcode_id=&#8221;128116&#8243; icon_color_type=&#8221;uncode-palette&#8221;]Our expertise guarantees all our projects stay within deadlines. Efficient operations are the foundation for wealth and wellbeing \u2013 for both our personnel and our clients.<\/p>\n<p>[\/vc_icon][\/vc_column_inner][vc_column_inner column_width_percent=&#8221;100&#8243; align_horizontal=&#8221;align_center&#8221; gutter_size=&#8221;3&#8243; overlay_alpha=&#8221;100&#8243; shift_x=&#8221;0&#8243; shift_y=&#8221;0&#8243; shift_y_down=&#8221;0&#8243; z_index=&#8221;0&#8243; medium_width=&#8221;3&#8243; mobile_width=&#8221;0&#8243; zoom_width=&#8221;0&#8243; zoom_height=&#8221;0&#8243; width=&#8221;1\/4&#8243; uncode_shortcode_id=&#8221;311950&#8243;][vc_icon icon=&#8221;fa fa-calendar-full&#8221; icon_color=&#8221;color-jevc&#8221; size=&#8221;fa-3x&#8221; text_size=&#8221;h4&#8243; align=&#8221;left&#8221; title=&#8221;Flexibly&#8221; uncode_shortcode_id=&#8221;470843&#8243; icon_color_type=&#8221;uncode-palette&#8221;]Our vast experience helps us to comprehensively understand our field of work. This understanding enables us to fit quickly into both our clients dynamic needs and possible shifts in the operating environment.<\/p>\n<p>[\/vc_icon][\/vc_column_inner][vc_column_inner column_width_percent=&#8221;100&#8243; align_horizontal=&#8221;align_center&#8221; gutter_size=&#8221;3&#8243; overlay_alpha=&#8221;50&#8243; shift_x=&#8221;0&#8243; shift_y=&#8221;0&#8243; shift_y_down=&#8221;0&#8243; z_index=&#8221;0&#8243; medium_width=&#8221;0&#8243; mobile_width=&#8221;0&#8243; width=&#8221;1\/4&#8243; uncode_shortcode_id=&#8221;472829&#8243;][vc_icon icon=&#8221;fa fa-calendar-full&#8221; icon_color=&#8221;color-jevc&#8221; size=&#8221;fa-3x&#8221; text_size=&#8221;h4&#8243; align=&#8221;left&#8221; title=&#8221;Succeeding together&#8221; uncode_shortcode_id=&#8221;998946&#8243; icon_color_type=&#8221;uncode-palette&#8221;]By working together and valuing each others strengths, we succeed. Reliable teamwork with our co-workers, clients and collaborators leads to great results benefiting us all.<\/p>\n<p>[\/vc_icon][\/vc_column_inner][\/vc_row_inner][\/vc_column][\/vc_row][vc_row unlock_row_content=&#8221;yes&#8221; row_height_percent=&#8221;75&#8243; override_padding=&#8221;yes&#8221; h_padding=&#8221;0&#8243; top_padding=&#8221;0&#8243; bottom_padding=&#8221;0&#8243; back_color=&#8221;color-xsdn&#8221; overlay_alpha=&#8221;50&#8243; equal_height=&#8221;yes&#8221; gutter_size=&#8221;0&#8243; column_width_percent=&#8221;100&#8243; shift_y=&#8221;0&#8243; z_index=&#8221;3&#8243;][vc_column column_width_percent=&#8221;100&#8243; align_horizontal=&#8221;align_center&#8221; gutter_size=&#8221;3&#8243; style=&#8221;light&#8221; overlay_alpha=&#8221;50&#8243; shift_x=&#8221;0&#8243; shift_y=&#8221;0&#8243; shift_y_down=&#8221;0&#8243; z_index=&#8221;0&#8243; medium_width=&#8221;0&#8243; mobile_width=&#8221;0&#8243; width=&#8221;1\/1&#8243;][vc_custom_heading text_size=&#8221;fontsize-155944&#8243; uncode_shortcode_id=&#8221;920443&#8243;]Latest news[\/vc_custom_heading][uncode_index el_id=&#8221;index-1&#8243; isotope_mode=&#8221;fitRows&#8221; loop=&#8221;size:3|order_by:date|post_type:post|taxonomy_count:10&#8243; style_preset=&#8221;metro&#8221; single_height_viewport=&#8221;yes&#8221; screen_lg=&#8221;960&#8243; screen_md=&#8221;480&#8243; screen_sm=&#8221;480&#8243; gutter_size=&#8221;0&#8243; post_items=&#8221;media|featured|onpost|poster,date,title,spacer|half&#8221; single_text=&#8221;overlay&#8221; single_width=&#8221;3&#8243; single_fluid_height=&#8221;75&#8243; single_overlay_color=&#8221;color-nhtu&#8221; single_overlay_opacity=&#8221;30&#8243; single_overlay_visible=&#8221;yes&#8221; single_text_visible=&#8221;yes&#8221; single_text_anim_type=&#8221;btt&#8221; single_v_position=&#8221;bottom&#8221; single_reduced=&#8221;three_quarter&#8221; single_reduced_mobile=&#8221;yes&#8221; single_padding=&#8221;3&#8243; single_title_family=&#8221;font-145512&#8243; single_title_dimension=&#8221;h3&#8243; single_border=&#8221;yes&#8221; post_matrix=&#8221;matrix&#8221; matrix_amount=&#8221;3&#8243; no_double_tap=&#8221;yes&#8221; matrix_items=&#8221;eyIwX2kiOnsic2luZ2xlX3dpZHRoIjoiNiIsInNpbmdsZV90aXRsZV9kaW1lbnNpb24iOiJoMyIsInNpbmdsZV9yZWR1Y2VkIjoidGhyZWVfcXVhcnRlciIsInNpbmdsZV90aXRsZV93ZWlnaHQiOiIiLCJzaW5nbGVfdGl0bGVfc3BhY2UiOiIiLCJzaW5nbGVfb3ZlcmxheV9vcGFjaXR5IjoiNTAifSwiMV9pIjp7InNpbmdsZV90aXRsZV9kaW1lbnNpb24iOiJoNCJ9LCIyX2kiOnsic2luZ2xlX3RpdGxlX2RpbWVuc2lvbiI6Img0In19&#8243; uncode_shortcode_id=&#8221;133859&#8243;][vc_button button_color=&#8221;color-jevc&#8221; border_width=&#8221;0&#8243; link=&#8221;url:https%3A%2F%2Fwww.njrebar.com%2Fen%2Flatest-news%2F|title:Latest%20news&#8221; button_color_type=&#8221;uncode-palette&#8221; uncode_shortcode_id=&#8221;114408&#8243;]Read more[\/vc_button][vc_empty_space empty_h=&#8221;1&#8243; desktop_visibility=&#8221;yes&#8221; medium_visibility=&#8221;yes&#8221;][\/vc_column][\/vc_row]<\/p>\n<\/div>","protected":false},"excerpt":{"rendered":"<p>[vc_row unlock_row_content=&#8221;yes&#8221; row_height_percent=&#8221;85&#8243; override_padding=&#8221;yes&#8221; h_padding=&#8221;0&#8243; top_padding=&#8221;0&#8243; bottom_padding=&#8221;0&#8243; back_color=&#8221;color-xsdn&#8221; overlay_alpha=&#8221;50&#8243; gutter_size=&#8221;3&#8243; column_width_percent=&#8221;100&#8243; shift_y=&#8221;0&#8243; z_index=&#8221;0&#8243; bottom_divider=&#8221;gradient&#8221;][vc_column column_width_percent=&#8221;100&#8243; align_horizontal=&#8221;align_center&#8221; gutter_size=&#8221;3&#8243; style=&#8221;dark&#8221; overlay_alpha=&#8221;50&#8243; shift_x=&#8221;0&#8243; [&hellip;]<\/p>\n","protected":false},"author":1,"featured_media":101194,"parent":0,"menu_order":0,"comment_status":"closed","ping_status":"closed","template":"","meta":{"footnotes":""},"class_list":["post-101311","page","type-page","status-publish","has-post-thumbnail","hentry"],"yoast_head":"<!-- This site is optimized with the Yoast SEO plugin v26.2 - https:\/\/yoast.com\/wordpress\/plugins\/seo\/ -->\n<title>Raudoitusty\u00f6t yhdess\u00e4 onnistuen - NJ Rebar - Raudoituksen ykk&ouml;nen<\/title>\n<meta name=\"description\" content=\"NJ Rebar on Suomen johtavia raudoituksen asiantuntijayrityksi\u00e4. Teemme ty\u00f6mme ammattitaidolla, joustavasti, tehokkaasti ja yhdess\u00e4 onnistuen\" \/>\n<meta name=\"robots\" content=\"index, follow, max-snippet:-1, max-image-preview:large, max-video-preview:-1\" \/>\n<link rel=\"canonical\" href=\"https:\/\/www.njrebar.com\/en\/\" \/>\n<meta property=\"og:locale\" content=\"en_US\" \/>\n<meta property=\"og:type\" content=\"article\" \/>\n<meta property=\"og:title\" content=\"Raudoitusty\u00f6t yhdess\u00e4 onnistuen - NJ Rebar - Raudoituksen ykk&ouml;nen\" \/>\n<meta property=\"og:description\" content=\"NJ Rebar on Suomen johtavia raudoituksen asiantuntijayrityksi\u00e4. Teemme ty\u00f6mme ammattitaidolla, joustavasti, tehokkaasti ja yhdess\u00e4 onnistuen\" \/>\n<meta property=\"og:url\" content=\"https:\/\/www.njrebar.com\/en\/\" \/>\n<meta property=\"og:site_name\" content=\"NJ Rebar - Raudoituksen ykk&ouml;nen\" \/>\n<meta property=\"article:modified_time\" content=\"2025-09-09T08:51:46+00:00\" \/>\n<meta property=\"og:image\" content=\"https:\/\/www.njrebar.com\/wp-content\/uploads\/2021\/05\/NJ-Rebar1.jpg\" \/>\n\t<meta property=\"og:image:width\" content=\"1647\" \/>\n\t<meta property=\"og:image:height\" content=\"1100\" \/>\n\t<meta property=\"og:image:type\" content=\"image\/jpeg\" \/>\n<meta name=\"twitter:card\" content=\"summary_large_image\" \/>\n<meta name=\"twitter:label1\" content=\"Est. reading time\" \/>\n\t<meta name=\"twitter:data1\" content=\"4 minutes\" \/>\n<script type=\"application\/ld+json\" class=\"yoast-schema-graph\">{\"@context\":\"https:\/\/schema.org\",\"@graph\":[{\"@type\":\"WebPage\",\"@id\":\"https:\/\/www.njrebar.com\/en\/\",\"url\":\"https:\/\/www.njrebar.com\/en\/\",\"name\":\"Raudoitusty\u00f6t yhdess\u00e4 onnistuen - NJ Rebar - Raudoituksen ykk&ouml;nen\",\"isPartOf\":{\"@id\":\"https:\/\/www.njrebar.com\/en\/#website\"},\"primaryImageOfPage\":{\"@id\":\"https:\/\/www.njrebar.com\/en\/#primaryimage\"},\"image\":{\"@id\":\"https:\/\/www.njrebar.com\/en\/#primaryimage\"},\"thumbnailUrl\":\"https:\/\/www.njrebar.com\/wp-content\/uploads\/2021\/05\/NJ-Rebar1.jpg\",\"datePublished\":\"2021-05-04T08:12:55+00:00\",\"dateModified\":\"2025-09-09T08:51:46+00:00\",\"description\":\"NJ Rebar on Suomen johtavia raudoituksen asiantuntijayrityksi\u00e4. Teemme ty\u00f6mme ammattitaidolla, joustavasti, tehokkaasti ja yhdess\u00e4 onnistuen\",\"breadcrumb\":{\"@id\":\"https:\/\/www.njrebar.com\/en\/#breadcrumb\"},\"inLanguage\":\"en-US\",\"potentialAction\":[{\"@type\":\"ReadAction\",\"target\":[\"https:\/\/www.njrebar.com\/en\/\"]}]},{\"@type\":\"ImageObject\",\"inLanguage\":\"en-US\",\"@id\":\"https:\/\/www.njrebar.com\/en\/#primaryimage\",\"url\":\"https:\/\/www.njrebar.com\/wp-content\/uploads\/2021\/05\/NJ-Rebar1.jpg\",\"contentUrl\":\"https:\/\/www.njrebar.com\/wp-content\/uploads\/2021\/05\/NJ-Rebar1.jpg\",\"width\":1647,\"height\":1100},{\"@type\":\"BreadcrumbList\",\"@id\":\"https:\/\/www.njrebar.com\/en\/#breadcrumb\",\"itemListElement\":[{\"@type\":\"ListItem\",\"position\":1,\"name\":\"Etusivu\",\"item\":\"https:\/\/www.njrebar.com\/en\/\"},{\"@type\":\"ListItem\",\"position\":2,\"name\":\"Home\"}]},{\"@type\":\"WebSite\",\"@id\":\"https:\/\/www.njrebar.com\/en\/#website\",\"url\":\"https:\/\/www.njrebar.com\/en\/\",\"name\":\"NJ Rebar - Raudoituksen ykk&ouml;nen\",\"description\":\"Raudoitusty&ouml;t yhdess&auml; onnistuen\",\"publisher\":{\"@id\":\"https:\/\/www.njrebar.com\/en\/#organization\"},\"potentialAction\":[{\"@type\":\"SearchAction\",\"target\":{\"@type\":\"EntryPoint\",\"urlTemplate\":\"https:\/\/www.njrebar.com\/en\/?s={search_term_string}\"},\"query-input\":{\"@type\":\"PropertyValueSpecification\",\"valueRequired\":true,\"valueName\":\"search_term_string\"}}],\"inLanguage\":\"en-US\"},{\"@type\":\"Organization\",\"@id\":\"https:\/\/www.njrebar.com\/en\/#organization\",\"name\":\"NJ Rebar\",\"url\":\"https:\/\/www.njrebar.com\/en\/\",\"logo\":{\"@type\":\"ImageObject\",\"inLanguage\":\"en-US\",\"@id\":\"https:\/\/www.njrebar.com\/en\/#\/schema\/logo\/image\/\",\"url\":\"https:\/\/www.njrebar.com\/wp-content\/uploads\/2021\/05\/NJ-Rebar-logo-taustalla.jpg\",\"contentUrl\":\"https:\/\/www.njrebar.com\/wp-content\/uploads\/2021\/05\/NJ-Rebar-logo-taustalla.jpg\",\"width\":708,\"height\":781,\"caption\":\"NJ Rebar\"},\"image\":{\"@id\":\"https:\/\/www.njrebar.com\/en\/#\/schema\/logo\/image\/\"}}]}<\/script>\n<!-- \/ Yoast SEO plugin. -->","yoast_head_json":{"title":"Raudoitusty\u00f6t yhdess\u00e4 onnistuen - NJ Rebar - Raudoituksen ykk&ouml;nen","description":"NJ Rebar on Suomen johtavia raudoituksen asiantuntijayrityksi\u00e4. Teemme ty\u00f6mme ammattitaidolla, joustavasti, tehokkaasti ja yhdess\u00e4 onnistuen","robots":{"index":"index","follow":"follow","max-snippet":"max-snippet:-1","max-image-preview":"max-image-preview:large","max-video-preview":"max-video-preview:-1"},"canonical":"https:\/\/www.njrebar.com\/en\/","og_locale":"en_US","og_type":"article","og_title":"Raudoitusty\u00f6t yhdess\u00e4 onnistuen - NJ Rebar - Raudoituksen ykk&ouml;nen","og_description":"NJ Rebar on Suomen johtavia raudoituksen asiantuntijayrityksi\u00e4. Teemme ty\u00f6mme ammattitaidolla, joustavasti, tehokkaasti ja yhdess\u00e4 onnistuen","og_url":"https:\/\/www.njrebar.com\/en\/","og_site_name":"NJ Rebar - Raudoituksen ykk&ouml;nen","article_modified_time":"2025-09-09T08:51:46+00:00","og_image":[{"width":1647,"height":1100,"url":"https:\/\/www.njrebar.com\/wp-content\/uploads\/2021\/05\/NJ-Rebar1.jpg","type":"image\/jpeg"}],"twitter_card":"summary_large_image","twitter_misc":{"Est. reading time":"4 minutes"},"schema":{"@context":"https:\/\/schema.org","@graph":[{"@type":"WebPage","@id":"https:\/\/www.njrebar.com\/en\/","url":"https:\/\/www.njrebar.com\/en\/","name":"Raudoitusty\u00f6t yhdess\u00e4 onnistuen - NJ Rebar - Raudoituksen ykk&ouml;nen","isPartOf":{"@id":"https:\/\/www.njrebar.com\/en\/#website"},"primaryImageOfPage":{"@id":"https:\/\/www.njrebar.com\/en\/#primaryimage"},"image":{"@id":"https:\/\/www.njrebar.com\/en\/#primaryimage"},"thumbnailUrl":"https:\/\/www.njrebar.com\/wp-content\/uploads\/2021\/05\/NJ-Rebar1.jpg","datePublished":"2021-05-04T08:12:55+00:00","dateModified":"2025-09-09T08:51:46+00:00","description":"NJ Rebar on Suomen johtavia raudoituksen asiantuntijayrityksi\u00e4. Teemme ty\u00f6mme ammattitaidolla, joustavasti, tehokkaasti ja yhdess\u00e4 onnistuen","breadcrumb":{"@id":"https:\/\/www.njrebar.com\/en\/#breadcrumb"},"inLanguage":"en-US","potentialAction":[{"@type":"ReadAction","target":["https:\/\/www.njrebar.com\/en\/"]}]},{"@type":"ImageObject","inLanguage":"en-US","@id":"https:\/\/www.njrebar.com\/en\/#primaryimage","url":"https:\/\/www.njrebar.com\/wp-content\/uploads\/2021\/05\/NJ-Rebar1.jpg","contentUrl":"https:\/\/www.njrebar.com\/wp-content\/uploads\/2021\/05\/NJ-Rebar1.jpg","width":1647,"height":1100},{"@type":"BreadcrumbList","@id":"https:\/\/www.njrebar.com\/en\/#breadcrumb","itemListElement":[{"@type":"ListItem","position":1,"name":"Etusivu","item":"https:\/\/www.njrebar.com\/en\/"},{"@type":"ListItem","position":2,"name":"Home"}]},{"@type":"WebSite","@id":"https:\/\/www.njrebar.com\/en\/#website","url":"https:\/\/www.njrebar.com\/en\/","name":"NJ Rebar - Raudoituksen ykk&ouml;nen","description":"Raudoitusty&ouml;t yhdess&auml; onnistuen","publisher":{"@id":"https:\/\/www.njrebar.com\/en\/#organization"},"potentialAction":[{"@type":"SearchAction","target":{"@type":"EntryPoint","urlTemplate":"https:\/\/www.njrebar.com\/en\/?s={search_term_string}"},"query-input":{"@type":"PropertyValueSpecification","valueRequired":true,"valueName":"search_term_string"}}],"inLanguage":"en-US"},{"@type":"Organization","@id":"https:\/\/www.njrebar.com\/en\/#organization","name":"NJ Rebar","url":"https:\/\/www.njrebar.com\/en\/","logo":{"@type":"ImageObject","inLanguage":"en-US","@id":"https:\/\/www.njrebar.com\/en\/#\/schema\/logo\/image\/","url":"https:\/\/www.njrebar.com\/wp-content\/uploads\/2021\/05\/NJ-Rebar-logo-taustalla.jpg","contentUrl":"https:\/\/www.njrebar.com\/wp-content\/uploads\/2021\/05\/NJ-Rebar-logo-taustalla.jpg","width":708,"height":781,"caption":"NJ Rebar"},"image":{"@id":"https:\/\/www.njrebar.com\/en\/#\/schema\/logo\/image\/"}}]}},"_links":{"self":[{"href":"https:\/\/www.njrebar.com\/en\/wp-json\/wp\/v2\/pages\/101311","targetHints":{"allow":["GET"]}}],"collection":[{"href":"https:\/\/www.njrebar.com\/en\/wp-json\/wp\/v2\/pages"}],"about":[{"href":"https:\/\/www.njrebar.com\/en\/wp-json\/wp\/v2\/types\/page"}],"author":[{"embeddable":true,"href":"https:\/\/www.njrebar.com\/en\/wp-json\/wp\/v2\/users\/1"}],"replies":[{"embeddable":true,"href":"https:\/\/www.njrebar.com\/en\/wp-json\/wp\/v2\/comments?post=101311"}],"version-history":[{"count":8,"href":"https:\/\/www.njrebar.com\/en\/wp-json\/wp\/v2\/pages\/101311\/revisions"}],"predecessor-version":[{"id":101600,"href":"https:\/\/www.njrebar.com\/en\/wp-json\/wp\/v2\/pages\/101311\/revisions\/101600"}],"wp:featuredmedia":[{"embeddable":true,"href":"https:\/\/www.njrebar.com\/en\/wp-json\/wp\/v2\/media\/101194"}],"wp:attachment":[{"href":"https:\/\/www.njrebar.com\/en\/wp-json\/wp\/v2\/media?parent=101311"}],"curies":[{"name":"wp","href":"https:\/\/api.w.org\/{rel}","templated":true}]}}